{"id":340,"date":"2021-09-19T14:59:24","date_gmt":"2021-09-19T14:59:24","guid":{"rendered":"https:\/\/audreym15.sg-host.com\/?page_id=340"},"modified":"2026-02-19T13:42:54","modified_gmt":"2026-02-19T13:42:54","slug":"our-values","status":"publish","type":"page","link":"https:\/\/tgs-france.com\/fr\/our-values\/","title":{"rendered":"Nos valeurs"},"content":{"rendered":"<div data-elementor-type=\"wp-page\" data-elementor-id=\"340\" class=\"elementor elementor-340\" data-elementor-post-type=\"page\">\n\t\t\t\t\t\t<section class=\"has_ae_slider elementor-section elementor-top-section elementor-element elementor-element-a7e6dc0 elementor-section-full_width elementor-section-height-default elementor-section-height-default ae-bg-gallery-type-default\" data-id=\"a7e6dc0\" data-element_type=\"section\" data-e-type=\"section\" data-settings=\"{&quot;background_background&quot;:&quot;classic&quot;}\">\n\t\t\t\t\t\t<div class=\"elementor-container elementor-column-gap-default\">\n\t\t\t\t\t<div class=\"has_ae_slider elementor-column elementor-col-50 elementor-top-column elementor-element elementor-element-18d6fca ae-bg-gallery-type-default\" data-id=\"18d6fca\" data-element_type=\"column\" data-e-type=\"column\">\n\t\t\t<div class=\"elementor-widget-wrap elementor-element-populated\">\n\t\t\t\t\t\t<div class=\"elementor-element elementor-element-b5e3723 elementor-widget elementor-widget-heading\" data-id=\"b5e3723\" data-element_type=\"widget\" data-e-type=\"widget\" data-widget_type=\"heading.default\">\n\t\t\t\t<div class=\"elementor-widget-container\">\n\t\t\t\t\t<h2 class=\"elementor-heading-title elementor-size-default\">Nos valeurs<\/h2>\t\t\t\t<\/div>\n\t\t\t\t<\/div>\n\t\t\t\t<div class=\"elementor-element elementor-element-234825a elementor-widget elementor-widget-text-editor\" data-id=\"234825a\" data-element_type=\"widget\" data-e-type=\"widget\" data-widget_type=\"text-editor.default\">\n\t\t\t\t<div class=\"elementor-widget-container\">\n\t\t\t\t\t\t\t\t\t<p dir=\"ltr\">Nous avons choisi d'\u00eatre membre du r\u00e9seau international TGS parce que nous soutenons leurs valeurs.\u00a0<\/p><p dir=\"ltr\">TGS est un r\u00e9seau mondial de cabinets ind\u00e9pendants fournissant des services d'audit, de comptabilit\u00e9, de conseil, de fiscalit\u00e9 et de droit.<\/p><p dir=\"ltr\">Nous pouvons intervenir partout dans le monde gr\u00e2ce \u00e0 notre appartenance au r\u00e9seau TGS. Nous avons acc\u00e8s \u00e0 toutes les comp\u00e9tences dont vous avez besoin pour vos projets internationaux.<\/p>\t\t\t\t\t\t\t\t<\/div>\n\t\t\t\t<\/div>\n\t\t\t\t\t<\/div>\n\t\t<\/div>\n\t\t\t\t<div class=\"has_ae_slider elementor-column elementor-col-50 elementor-top-column elementor-element elementor-element-d5dbb54 elementor-hidden-mobile ae-bg-gallery-type-default\" data-id=\"d5dbb54\" data-element_type=\"column\" data-e-type=\"column\">\n\t\t\t<div class=\"elementor-widget-wrap elementor-element-populated\">\n\t\t\t\t\t\t<div class=\"elementor-element elementor-element-f588cac elementor-widget elementor-widget-image\" data-id=\"f588cac\" data-element_type=\"widget\" data-e-type=\"widget\" data-widget_type=\"image.default\">\n\t\t\t\t<div class=\"elementor-widget-container\">\n\t\t\t\t\t\t\t\t\t\t\t\t\t\t\t<img fetchpriority=\"high\" decoding=\"async\" width=\"465\" height=\"1024\" src=\"https:\/\/tgs-france.com\/wp-content\/uploads\/2021\/09\/PLACEHOLDER-Rectangle-DARK-RIGHT-465x1024.png\" class=\"attachment-large size-large wp-image-186\" alt=\"\" srcset=\"https:\/\/tgs-france.com\/wp-content\/uploads\/2021\/09\/PLACEHOLDER-Rectangle-DARK-RIGHT-465x1024.png 465w, https:\/\/tgs-france.com\/wp-content\/uploads\/2021\/09\/PLACEHOLDER-Rectangle-DARK-RIGHT-136x300.png 136w, https:\/\/tgs-france.com\/wp-content\/uploads\/2021\/09\/PLACEHOLDER-Rectangle-DARK-RIGHT-768x1692.png 768w, https:\/\/tgs-france.com\/wp-content\/uploads\/2021\/09\/PLACEHOLDER-Rectangle-DARK-RIGHT-697x1536.png 697w, https:\/\/tgs-france.com\/wp-content\/uploads\/2021\/09\/PLACEHOLDER-Rectangle-DARK-RIGHT.png 840w\" sizes=\"(max-width: 465px) 100vw, 465px\" \/>\t\t\t\t\t\t\t\t\t\t\t\t\t\t\t<\/div>\n\t\t\t\t<\/div>\n\t\t\t\t\t<\/div>\n\t\t<\/div>\n\t\t\t\t\t<\/div>\n\t\t<\/section>\n\t\t\t\t<section class=\"has_ae_slider elementor-section elementor-top-section elementor-element elementor-element-f7fc6d8 elementor-section-boxed elementor-section-height-default elementor-section-height-default ae-bg-gallery-type-default\" data-id=\"f7fc6d8\" data-element_type=\"section\" data-e-type=\"section\" data-settings=\"{&quot;background_background&quot;:&quot;classic&quot;}\">\n\t\t\t\t\t\t<div class=\"elementor-container elementor-column-gap-default\">\n\t\t\t\t\t<div class=\"has_ae_slider elementor-column elementor-col-100 elementor-top-column elementor-element elementor-element-e42184d ae-bg-gallery-type-default\" data-id=\"e42184d\" data-element_type=\"column\" data-e-type=\"column\">\n\t\t\t<div class=\"elementor-widget-wrap elementor-element-populated\">\n\t\t\t\t\t\t<section class=\"has_ae_slider elementor-section elementor-inner-section elementor-element elementor-element-b027428 elementor-section-boxed elementor-section-height-default elementor-section-height-default ae-bg-gallery-type-default\" data-id=\"b027428\" data-element_type=\"section\" data-e-type=\"section\">\n\t\t\t\t\t\t<div class=\"elementor-container elementor-column-gap-default\">\n\t\t\t\t\t<div class=\"has_ae_slider elementor-column elementor-col-33 elementor-inner-column elementor-element elementor-element-6ab3567 ae-bg-gallery-type-default\" data-id=\"6ab3567\" data-element_type=\"column\" data-e-type=\"column\">\n\t\t\t<div class=\"elementor-widget-wrap elementor-element-populated\">\n\t\t\t\t\t\t<div class=\"elementor-element elementor-element-ec495b7 elementor-widget elementor-widget-image\" data-id=\"ec495b7\" data-element_type=\"widget\" data-e-type=\"widget\" data-widget_type=\"image.default\">\n\t\t\t\t<div class=\"elementor-widget-container\">\n\t\t\t\t\t\t\t\t\t\t\t\t\t\t\t<img decoding=\"async\" width=\"756\" height=\"756\" src=\"https:\/\/tgs-france.com\/wp-content\/uploads\/2022\/03\/together.png\" class=\"attachment-full size-full wp-image-2305\" alt=\"\" srcset=\"https:\/\/tgs-france.com\/wp-content\/uploads\/2022\/03\/together.png 756w, https:\/\/tgs-france.com\/wp-content\/uploads\/2022\/03\/together-300x300.png 300w, https:\/\/tgs-france.com\/wp-content\/uploads\/2022\/03\/together-150x150.png 150w, https:\/\/tgs-france.com\/wp-content\/uploads\/2022\/03\/together-12x12.png 12w\" sizes=\"(max-width: 756px) 100vw, 756px\" \/>\t\t\t\t\t\t\t\t\t\t\t\t\t\t\t<\/div>\n\t\t\t\t<\/div>\n\t\t\t\t<div class=\"elementor-element elementor-element-2b4bb39 elementor-widget elementor-widget-text-editor\" data-id=\"2b4bb39\" data-element_type=\"widget\" data-e-type=\"widget\" data-widget_type=\"text-editor.default\">\n\t\t\t\t<div class=\"elementor-widget-container\">\n\t\t\t\t\t\t\t\t\t<p>Ensemble<\/p>\t\t\t\t\t\t\t\t<\/div>\n\t\t\t\t<\/div>\n\t\t\t\t<div class=\"elementor-element elementor-element-f1a2877 elementor-widget elementor-widget-text-editor\" data-id=\"f1a2877\" data-element_type=\"widget\" data-e-type=\"widget\" data-widget_type=\"text-editor.default\">\n\t\t\t\t<div class=\"elementor-widget-container\">\n\t\t\t\t\t\t\t\t\t<p dir=\"ltr\">Coop\u00e9rer et innover pour cro\u00eetre durablement ensemble : aujourd'hui et demain.<\/p>\t\t\t\t\t\t\t\t<\/div>\n\t\t\t\t<\/div>\n\t\t\t\t\t<\/div>\n\t\t<\/div>\n\t\t\t\t<div class=\"has_ae_slider elementor-column elementor-col-33 elementor-inner-column elementor-element elementor-element-cb42cd7 ae-bg-gallery-type-default\" data-id=\"cb42cd7\" data-element_type=\"column\" data-e-type=\"column\">\n\t\t\t<div class=\"elementor-widget-wrap elementor-element-populated\">\n\t\t\t\t\t\t<div class=\"elementor-element elementor-element-211f805 elementor-widget elementor-widget-image\" data-id=\"211f805\" data-element_type=\"widget\" data-e-type=\"widget\" data-widget_type=\"image.default\">\n\t\t\t\t<div class=\"elementor-widget-container\">\n\t\t\t\t\t\t\t\t\t\t\t\t\t\t\t<img decoding=\"async\" width=\"756\" height=\"756\" src=\"https:\/\/tgs-france.com\/wp-content\/uploads\/2022\/03\/Agile.png\" class=\"attachment-full size-full wp-image-2303\" alt=\"\" srcset=\"https:\/\/tgs-france.com\/wp-content\/uploads\/2022\/03\/Agile.png 756w, https:\/\/tgs-france.com\/wp-content\/uploads\/2022\/03\/Agile-300x300.png 300w, https:\/\/tgs-france.com\/wp-content\/uploads\/2022\/03\/Agile-150x150.png 150w, https:\/\/tgs-france.com\/wp-content\/uploads\/2022\/03\/Agile-12x12.png 12w\" sizes=\"(max-width: 756px) 100vw, 756px\" \/>\t\t\t\t\t\t\t\t\t\t\t\t\t\t\t<\/div>\n\t\t\t\t<\/div>\n\t\t\t\t<div class=\"elementor-element elementor-element-b8d70a2 elementor-widget elementor-widget-text-editor\" data-id=\"b8d70a2\" data-element_type=\"widget\" data-e-type=\"widget\" data-widget_type=\"text-editor.default\">\n\t\t\t\t<div class=\"elementor-widget-container\">\n\t\t\t\t\t\t\t\t\t<p>Agile<\/p>\t\t\t\t\t\t\t\t<\/div>\n\t\t\t\t<\/div>\n\t\t\t\t<div class=\"elementor-element elementor-element-2001cd8 elementor-widget elementor-widget-text-editor\" data-id=\"2001cd8\" data-element_type=\"widget\" data-e-type=\"widget\" data-widget_type=\"text-editor.default\">\n\t\t\t\t<div class=\"elementor-widget-container\">\n\t\t\t\t\t\t\t\t\t<p>Apporter une r\u00e9ponse active, appropri\u00e9e et personnelle aux clients dans un environnement qui \u00e9volue rapidement.<\/p>\t\t\t\t\t\t\t\t<\/div>\n\t\t\t\t<\/div>\n\t\t\t\t\t<\/div>\n\t\t<\/div>\n\t\t\t\t<div class=\"has_ae_slider elementor-column elementor-col-33 elementor-inner-column elementor-element elementor-element-c933ab5 ae-bg-gallery-type-default\" data-id=\"c933ab5\" data-element_type=\"column\" data-e-type=\"column\">\n\t\t\t<div class=\"elementor-widget-wrap elementor-element-populated\">\n\t\t\t\t\t\t<div class=\"elementor-element elementor-element-dccf31f elementor-widget elementor-widget-image\" data-id=\"dccf31f\" data-element_type=\"widget\" data-e-type=\"widget\" data-widget_type=\"image.default\">\n\t\t\t\t<div class=\"elementor-widget-container\">\n\t\t\t\t\t\t\t\t\t\t\t\t\t\t\t<img loading=\"lazy\" decoding=\"async\" width=\"756\" height=\"756\" src=\"https:\/\/tgs-france.com\/wp-content\/uploads\/2022\/03\/Ethical.png\" class=\"attachment-large size-large wp-image-2304\" alt=\"\" srcset=\"https:\/\/tgs-france.com\/wp-content\/uploads\/2022\/03\/Ethical.png 756w, https:\/\/tgs-france.com\/wp-content\/uploads\/2022\/03\/Ethical-300x300.png 300w, https:\/\/tgs-france.com\/wp-content\/uploads\/2022\/03\/Ethical-150x150.png 150w, https:\/\/tgs-france.com\/wp-content\/uploads\/2022\/03\/Ethical-12x12.png 12w\" sizes=\"(max-width: 756px) 100vw, 756px\" \/>\t\t\t\t\t\t\t\t\t\t\t\t\t\t\t<\/div>\n\t\t\t\t<\/div>\n\t\t\t\t<div class=\"elementor-element elementor-element-f63129e elementor-widget elementor-widget-text-editor\" data-id=\"f63129e\" data-element_type=\"widget\" data-e-type=\"widget\" data-widget_type=\"text-editor.default\">\n\t\t\t\t<div class=\"elementor-widget-container\">\n\t\t\t\t\t\t\t\t\t<p><strong style=\"box-sizing: inherit; font-weight: bold; margin: 0px; padding: 0px; border: 0px; font-size: 16px; vertical-align: baseline; color: #323338; font-family: Roboto, Arial; text-align: start; outline: none !important;\">Conscient<\/strong><\/p>\t\t\t\t\t\t\t\t<\/div>\n\t\t\t\t<\/div>\n\t\t\t\t<div class=\"elementor-element elementor-element-786505a elementor-widget elementor-widget-text-editor\" data-id=\"786505a\" data-element_type=\"widget\" data-e-type=\"widget\" data-widget_type=\"text-editor.default\">\n\t\t\t\t<div class=\"elementor-widget-container\">\n\t\t\t\t\t\t\t\t\t<p>Respecter les autres, notre environnement au sens large et donner la priorit\u00e9 \u00e0 l'exp\u00e9rience du client pour fournir un service de haute qualit\u00e9 et \u00e0 forte valeur ajout\u00e9e.<\/p>\t\t\t\t\t\t\t\t<\/div>\n\t\t\t\t<\/div>\n\t\t\t\t\t<\/div>\n\t\t<\/div>\n\t\t\t\t\t<\/div>\n\t\t<\/section>\n\t\t\t\t<section class=\"has_ae_slider elementor-section elementor-inner-section elementor-element elementor-element-b67559f elementor-section-boxed elementor-section-height-default elementor-section-height-default ae-bg-gallery-type-default\" data-id=\"b67559f\" data-element_type=\"section\" data-e-type=\"section\">\n\t\t\t\t\t\t<div class=\"elementor-container elementor-column-gap-default\">\n\t\t\t\t\t<div class=\"has_ae_slider elementor-column elementor-col-50 elementor-inner-column elementor-element elementor-element-0cf30ed ae-bg-gallery-type-default\" data-id=\"0cf30ed\" data-element_type=\"column\" data-e-type=\"column\">\n\t\t\t<div class=\"elementor-widget-wrap elementor-element-populated\">\n\t\t\t\t\t\t<div class=\"elementor-element elementor-element-40376f7 elementor-widget elementor-widget-heading\" data-id=\"40376f7\" data-element_type=\"widget\" data-e-type=\"widget\" data-widget_type=\"heading.default\">\n\t\t\t\t<div class=\"elementor-widget-container\">\n\t\t\t\t\t<h2 class=\"elementor-heading-title elementor-size-default\">Notre ADN<\/h2>\t\t\t\t<\/div>\n\t\t\t\t<\/div>\n\t\t\t\t<div class=\"elementor-element elementor-element-c22c24c elementor-widget elementor-widget-text-editor\" data-id=\"c22c24c\" data-element_type=\"widget\" data-e-type=\"widget\" data-widget_type=\"text-editor.default\">\n\t\t\t\t<div class=\"elementor-widget-container\">\n\t\t\t\t\t\t\t\t\t<p dir=\"ltr\">Nous soutenons le d\u00e9veloppement des clients avec un esprit d'entreprise. Nous osons \u00eatre diff\u00e9rents pour satisfaire les meilleurs int\u00e9r\u00eats des clients, des employ\u00e9s et des parties prenantes.<\/p><p dir=\"ltr\">Nous soutenons nos clients en concevant des solutions globales, durables et \u00e0 guichet unique pour les projets d'entreprise. Nos clients profitent de notre expertise pour alimenter leur croissance locale et internationale. Nous prot\u00e9geons les entreprises contre les risques financiers et organisationnels.<\/p><p dir=\"ltr\">Notre vision pragmatique des affaires, notre exp\u00e9rience sur le terrain et le retour d'information des membres de notre r\u00e9seau TGS nous permettent d'am\u00e9liorer continuellement nos m\u00e9thodes et nos solutions pour les adapter aux environnements uniques de nos clients.<\/p><p dir=\"ltr\">\u00a0<\/p>\t\t\t\t\t\t\t\t<\/div>\n\t\t\t\t<\/div>\n\t\t\t\t\t<\/div>\n\t\t<\/div>\n\t\t\t\t<div class=\"has_ae_slider elementor-column elementor-col-50 elementor-inner-column elementor-element elementor-element-24cb129 ae-bg-gallery-type-default\" data-id=\"24cb129\" data-element_type=\"column\" data-e-type=\"column\">\n\t\t\t<div class=\"elementor-widget-wrap elementor-element-populated\">\n\t\t\t\t\t\t<div class=\"elementor-element elementor-element-114c4f2 elementor-widget elementor-widget-image\" data-id=\"114c4f2\" data-element_type=\"widget\" data-e-type=\"widget\" data-widget_type=\"image.default\">\n\t\t\t\t<div class=\"elementor-widget-container\">\n\t\t\t\t\t\t\t\t\t\t\t\t\t\t\t<img loading=\"lazy\" decoding=\"async\" width=\"800\" height=\"692\" src=\"https:\/\/tgs-france.com\/wp-content\/uploads\/2022\/03\/Group-64-1024x886.png\" class=\"attachment-large size-large wp-image-2308\" alt=\"\" srcset=\"https:\/\/tgs-france.com\/wp-content\/uploads\/2022\/03\/Group-64-1024x886.png 1024w, https:\/\/tgs-france.com\/wp-content\/uploads\/2022\/03\/Group-64-300x260.png 300w, https:\/\/tgs-france.com\/wp-content\/uploads\/2022\/03\/Group-64-768x664.png 768w, https:\/\/tgs-france.com\/wp-content\/uploads\/2022\/03\/Group-64-14x12.png 14w, https:\/\/tgs-france.com\/wp-content\/uploads\/2022\/03\/Group-64.png 1424w\" sizes=\"(max-width: 800px) 100vw, 800px\" \/>\t\t\t\t\t\t\t\t\t\t\t\t\t\t\t<\/div>\n\t\t\t\t<\/div>\n\t\t\t\t\t<\/div>\n\t\t<\/div>\n\t\t\t\t\t<\/div>\n\t\t<\/section>\n\t\t\t\t<section class=\"has_ae_slider elementor-section elementor-inner-section elementor-element elementor-element-b727d08 elementor-section-boxed elementor-section-height-default elementor-section-height-default ae-bg-gallery-type-default\" data-id=\"b727d08\" data-element_type=\"section\" data-e-type=\"section\">\n\t\t\t\t\t\t<div class=\"elementor-container elementor-column-gap-default\">\n\t\t\t\t\t<div class=\"has_ae_slider elementor-column elementor-col-50 elementor-inner-column elementor-element elementor-element-eced394 ae-bg-gallery-type-default\" data-id=\"eced394\" data-element_type=\"column\" data-e-type=\"column\">\n\t\t\t<div class=\"elementor-widget-wrap elementor-element-populated\">\n\t\t\t\t\t\t<div class=\"elementor-element elementor-element-53e689b elementor-hidden-mobile elementor-widget elementor-widget-image\" data-id=\"53e689b\" data-element_type=\"widget\" data-e-type=\"widget\" data-widget_type=\"image.default\">\n\t\t\t\t<div class=\"elementor-widget-container\">\n\t\t\t\t\t\t\t\t\t\t\t\t\t\t\t<img loading=\"lazy\" decoding=\"async\" width=\"466\" height=\"419\" src=\"https:\/\/tgs-france.com\/wp-content\/uploads\/2022\/03\/Group-61.png\" class=\"attachment-large size-large wp-image-2307\" alt=\"\" srcset=\"https:\/\/tgs-france.com\/wp-content\/uploads\/2022\/03\/Group-61.png 466w, https:\/\/tgs-france.com\/wp-content\/uploads\/2022\/03\/Group-61-300x270.png 300w, https:\/\/tgs-france.com\/wp-content\/uploads\/2022\/03\/Group-61-13x12.png 13w\" sizes=\"(max-width: 466px) 100vw, 466px\" \/>\t\t\t\t\t\t\t\t\t\t\t\t\t\t\t<\/div>\n\t\t\t\t<\/div>\n\t\t\t\t\t<\/div>\n\t\t<\/div>\n\t\t\t\t<div class=\"has_ae_slider elementor-column elementor-col-50 elementor-inner-column elementor-element elementor-element-9c568bd ae-bg-gallery-type-default\" data-id=\"9c568bd\" data-element_type=\"column\" data-e-type=\"column\">\n\t\t\t<div class=\"elementor-widget-wrap elementor-element-populated\">\n\t\t\t\t\t\t<div class=\"elementor-element elementor-element-53aa03e elementor-widget elementor-widget-heading\" data-id=\"53aa03e\" data-element_type=\"widget\" data-e-type=\"widget\" data-widget_type=\"heading.default\">\n\t\t\t\t<div class=\"elementor-widget-container\">\n\t\t\t\t\t<h2 class=\"elementor-heading-title elementor-size-default\">Notre vision<\/h2>\t\t\t\t<\/div>\n\t\t\t\t<\/div>\n\t\t\t\t<div class=\"elementor-element elementor-element-d84fee2 elementor-widget elementor-widget-text-editor\" data-id=\"d84fee2\" data-element_type=\"widget\" data-e-type=\"widget\" data-widget_type=\"text-editor.default\">\n\t\t\t\t<div class=\"elementor-widget-container\">\n\t\t\t\t\t\t\t\t\t<p dir=\"ltr\">Nous apprenons en permanence et collaborons activement avec notre \u00e9quipe et nos coll\u00e8gues membres du r\u00e9seau international TGS pour apporter des r\u00e9ponses actives \u00e0 des environnements incertains et en \u00e9volution rapide. Nous b\u00e9n\u00e9ficions de la connaissance des meilleures pratiques mondiales dans les secteurs de l'audit, de la comptabilit\u00e9, du conseil, de la fiscalit\u00e9 et du droit.<\/p><p dir=\"ltr\">Nous communiquons, nous partageons des id\u00e9es et nous appliquons notre expertise et notre savoir-faire pour nous adapter aux technologies perturbatrices et aux pratiques commerciales \u00e9mergentes. Nous nous engageons \u00e0 servir durablement les besoins et les int\u00e9r\u00eats de nos clients. Nous encourageons un esprit de coop\u00e9ration et mettons l'accent sur les relations locales.<\/p><p dir=\"ltr\">Notre force est de donner du sens \u00e0 l'incertitude, \u00e0 la complexit\u00e9 et \u00e0 l'ambigu\u00eft\u00e9. Nous sommes les partenaires dont vous avez besoin pour soutenir l'avenir de votre entreprise.<\/p>\t\t\t\t\t\t\t\t<\/div>\n\t\t\t\t<\/div>\n\t\t\t\t<div class=\"elementor-element elementor-element-47b2d08 elementor-hidden-desktop elementor-hidden-tablet elementor-widget elementor-widget-image\" data-id=\"47b2d08\" data-element_type=\"widget\" data-e-type=\"widget\" data-widget_type=\"image.default\">\n\t\t\t\t<div class=\"elementor-widget-container\">\n\t\t\t\t\t\t\t\t\t\t\t\t\t\t\t<img loading=\"lazy\" decoding=\"async\" width=\"466\" height=\"419\" src=\"https:\/\/tgs-france.com\/wp-content\/uploads\/2022\/03\/Group-61.png\" class=\"attachment-large size-large wp-image-2307\" alt=\"\" srcset=\"https:\/\/tgs-france.com\/wp-content\/uploads\/2022\/03\/Group-61.png 466w, https:\/\/tgs-france.com\/wp-content\/uploads\/2022\/03\/Group-61-300x270.png 300w, https:\/\/tgs-france.com\/wp-content\/uploads\/2022\/03\/Group-61-13x12.png 13w\" sizes=\"(max-width: 466px) 100vw, 466px\" \/>\t\t\t\t\t\t\t\t\t\t\t\t\t\t\t<\/div>\n\t\t\t\t<\/div>\n\t\t\t\t\t<\/div>\n\t\t<\/div>\n\t\t\t\t\t<\/div>\n\t\t<\/section>\n\t\t\t\t\t<\/div>\n\t\t<\/div>\n\t\t\t\t\t<\/div>\n\t\t<\/section>\n\t\t\t\t<section class=\"has_ae_slider elementor-section elementor-top-section elementor-element elementor-element-d57b1e6 elementor-section-boxed elementor-section-height-default elementor-section-height-default ae-bg-gallery-type-default\" data-id=\"d57b1e6\" data-element_type=\"section\" data-e-type=\"section\">\n\t\t\t\t\t\t<div class=\"elementor-container elementor-column-gap-default\">\n\t\t\t\t\t<div class=\"has_ae_slider elementor-column elementor-col-50 elementor-top-column elementor-element elementor-element-5593d7e ae-bg-gallery-type-default\" data-id=\"5593d7e\" data-element_type=\"column\" data-e-type=\"column\">\n\t\t\t<div class=\"elementor-widget-wrap elementor-element-populated\">\n\t\t\t\t\t\t<div class=\"elementor-element elementor-element-9b1a9e3 elementor-widget elementor-widget-heading\" data-id=\"9b1a9e3\" data-element_type=\"widget\" data-e-type=\"widget\" data-widget_type=\"heading.default\">\n\t\t\t\t<div class=\"elementor-widget-container\">\n\t\t\t\t\t<h2 class=\"elementor-heading-title elementor-size-default\">Notre engagement<\/h2>\t\t\t\t<\/div>\n\t\t\t\t<\/div>\n\t\t\t\t<div class=\"elementor-element elementor-element-c19bcab elementor-widget elementor-widget-text-editor\" data-id=\"c19bcab\" data-element_type=\"widget\" data-e-type=\"widget\" data-widget_type=\"text-editor.default\">\n\t\t\t\t<div class=\"elementor-widget-container\">\n\t\t\t\t\t\t\t\t\t<p dir=\"ltr\">La durabilit\u00e9 est au c\u0153ur de tout ce que nous faisons. TGS\" n'est pas le sigle d'un comptable masculin et blanc mort. TGS signifie<em>Pensez durabilit\u00e9 globale<\/em>'.<\/p><p dir=\"ltr\">La qualit\u00e9 est au centre de nos processus et nos clients b\u00e9n\u00e9ficient de nos politiques globales en mati\u00e8re d'audit, d'\u00e9thique et d'ind\u00e9pendance. Nous entretenons des relations transparentes avec nos clients et travaillons avec int\u00e9grit\u00e9 et responsabilit\u00e9.<\/p><p dir=\"ltr\">Nous nous engageons \u00e0 mettre en \u0153uvre des pratiques commerciales responsables et \u00e0 d\u00e9velopper des solutions qui ont un impact positif. Nous soutenons les dix principes du Pacte mondial en mati\u00e8re de droits de l'homme, de travail, d'environnement et de lutte contre la corruption.<\/p><p dir=\"ltr\">La culture, les strat\u00e9gies et les op\u00e9rations de TGS sont align\u00e9es sur les principes universels du d\u00e9veloppement durable.<\/p>\t\t\t\t\t\t\t\t<\/div>\n\t\t\t\t<\/div>\n\t\t\t\t\t<\/div>\n\t\t<\/div>\n\t\t\t\t<div class=\"has_ae_slider elementor-column elementor-col-50 elementor-top-column elementor-element elementor-element-1c8c1ab ae-bg-gallery-type-default\" data-id=\"1c8c1ab\" data-element_type=\"column\" data-e-type=\"column\">\n\t\t\t<div class=\"elementor-widget-wrap elementor-element-populated\">\n\t\t\t\t\t\t<div class=\"elementor-element elementor-element-58ea233 elementor-widget elementor-widget-image\" data-id=\"58ea233\" data-element_type=\"widget\" data-e-type=\"widget\" data-widget_type=\"image.default\">\n\t\t\t\t<div class=\"elementor-widget-container\">\n\t\t\t\t\t\t\t\t\t\t\t\t\t\t\t<img loading=\"lazy\" decoding=\"async\" width=\"800\" height=\"692\" src=\"https:\/\/tgs-france.com\/wp-content\/uploads\/2022\/03\/Group-65-1024x886.png\" class=\"attachment-large size-large wp-image-2309\" alt=\"\" srcset=\"https:\/\/tgs-france.com\/wp-content\/uploads\/2022\/03\/Group-65-1024x886.png 1024w, https:\/\/tgs-france.com\/wp-content\/uploads\/2022\/03\/Group-65-300x260.png 300w, https:\/\/tgs-france.com\/wp-content\/uploads\/2022\/03\/Group-65-768x664.png 768w, https:\/\/tgs-france.com\/wp-content\/uploads\/2022\/03\/Group-65-14x12.png 14w, https:\/\/tgs-france.com\/wp-content\/uploads\/2022\/03\/Group-65.png 1424w\" sizes=\"(max-width: 800px) 100vw, 800px\" \/>\t\t\t\t\t\t\t\t\t\t\t\t\t\t\t<\/div>\n\t\t\t\t<\/div>\n\t\t\t\t\t<\/div>\n\t\t<\/div>\n\t\t\t\t\t<\/div>\n\t\t<\/section>\n\t\t\t\t<\/div>","protected":false},"excerpt":{"rendered":"<p>Our Values We choose to be a member of the TGS international network because we support their values.\u00a0 TGS is a global business network of independent firms providing audit, accounting, advisory, tax and legal services. We can operate everywhere in the world thanks to our membership in the TGS network. We have access to all [&hellip;]<\/p>\n","protected":false},"author":2,"featured_media":0,"parent":0,"menu_order":0,"comment_status":"closed","ping_status":"closed","template":"","meta":{"_acf_changed":false,"footnotes":""},"class_list":["post-340","page","type-page","status-publish","hentry"],"acf":[],"_links":{"self":[{"href":"https:\/\/tgs-france.com\/fr\/wp-json\/wp\/v2\/pages\/340","targetHints":{"allow":["GET"]}}],"collection":[{"href":"https:\/\/tgs-france.com\/fr\/wp-json\/wp\/v2\/pages"}],"about":[{"href":"https:\/\/tgs-france.com\/fr\/wp-json\/wp\/v2\/types\/page"}],"author":[{"embeddable":true,"href":"https:\/\/tgs-france.com\/fr\/wp-json\/wp\/v2\/users\/2"}],"replies":[{"embeddable":true,"href":"https:\/\/tgs-france.com\/fr\/wp-json\/wp\/v2\/comments?post=340"}],"version-history":[{"count":37,"href":"https:\/\/tgs-france.com\/fr\/wp-json\/wp\/v2\/pages\/340\/revisions"}],"predecessor-version":[{"id":3000,"href":"https:\/\/tgs-france.com\/fr\/wp-json\/wp\/v2\/pages\/340\/revisions\/3000"}],"wp:attachment":[{"href":"https:\/\/tgs-france.com\/fr\/wp-json\/wp\/v2\/media?parent=340"}],"curies":[{"name":"wp","href":"https:\/\/api.w.org\/{rel}","templated":true}]}}