{"id":12,"date":"2021-09-19T06:50:43","date_gmt":"2021-09-19T06:50:43","guid":{"rendered":"https:\/\/audreym15.sg-host.com\/?page_id=12"},"modified":"2022-11-10T10:10:21","modified_gmt":"2022-11-10T10:10:21","slug":"news","status":"publish","type":"page","link":"https:\/\/tgs-france.com\/fr\/news\/","title":{"rendered":"Actualit\u00e9s"},"content":{"rendered":"<div data-elementor-type=\"wp-page\" data-elementor-id=\"12\" class=\"elementor elementor-12\" data-elementor-post-type=\"page\">\n\t\t\t\t\t\t<section class=\"has_ae_slider elementor-section elementor-top-section elementor-element elementor-element-b380441 elementor-section-boxed elementor-section-height-default elementor-section-height-default ae-bg-gallery-type-default\" data-id=\"b380441\" data-element_type=\"section\" data-e-type=\"section\" data-settings=\"{&quot;background_background&quot;:&quot;classic&quot;}\">\n\t\t\t\t\t\t<div class=\"elementor-container elementor-column-gap-default\">\n\t\t\t\t\t<div class=\"has_ae_slider elementor-column elementor-col-100 elementor-top-column elementor-element elementor-element-d8fbe4d ae-bg-gallery-type-default\" data-id=\"d8fbe4d\" data-element_type=\"column\" data-e-type=\"column\">\n\t\t\t<div class=\"elementor-widget-wrap elementor-element-populated\">\n\t\t\t\t\t\t<div class=\"elementor-element elementor-element-2000caf elementor-widget elementor-widget-heading\" data-id=\"2000caf\" data-element_type=\"widget\" data-e-type=\"widget\" data-widget_type=\"heading.default\">\n\t\t\t\t<div class=\"elementor-widget-container\">\n\t\t\t\t\t<h2 class=\"elementor-heading-title elementor-size-default\">Actualit\u00e9s<\/h2>\t\t\t\t<\/div>\n\t\t\t\t<\/div>\n\t\t\t\t<div class=\"elementor-element elementor-element-b4c4b61 elementor-widget elementor-widget-wp-widget-search_filter_register_widget\" data-id=\"b4c4b61\" data-element_type=\"widget\" data-e-type=\"widget\" data-widget_type=\"wp-widget-search_filter_register_widget.default\">\n\t\t\t\t<div class=\"elementor-widget-container\">\n\t\t\t\t\t<style>.elementor-element-b4c4b61{display:none !important}<\/style>\t\t\t\t<\/div>\n\t\t\t\t<\/div>\n\t\t\t\t<div class=\"elementor-element elementor-element-767b976 elementor-widget elementor-widget-wp-widget-search_filter_register_widget\" data-id=\"767b976\" data-element_type=\"widget\" data-e-type=\"widget\" data-widget_type=\"wp-widget-search_filter_register_widget.default\">\n\t\t\t\t<div class=\"elementor-widget-container\">\n\t\t\t\t\t<form data-sf-form-id='2896' data-is-rtl='0' data-maintain-state='' data-results-url='https:\/\/3d2wuwbvcbw.preview.infomaniak.website\/fr\/news\/' data-ajax-url='https:\/\/3d2wuwbvcbw.preview.infomaniak.website\/fr\/news\/?sf_data=results' data-ajax-form-url='https:\/\/tgs-france.com\/fr\/?sfid=2896&amp;sf_action=get_data&amp;sf_data=form' data-display-result-method='elementor_posts_element' data-use-history-api='1' data-template-loaded='0' data-lang-code='fr' data-ajax='1' data-ajax-data-type='html' data-ajax-links-selector='.search-filter-results-2896 a.page-numbers' data-ajax-target='.search-filter-results-2896' data-ajax-pagination-type='normal' data-update-ajax-url='1' data-only-results-ajax='1' data-scroll-to-pos='0' data-init-paged='1' data-auto-update='1' action='https:\/\/3d2wuwbvcbw.preview.infomaniak.website\/fr\/news\/' method='post' class='searchandfilter' id='search-filter-form-2896' autocomplete='off' data-instance-count='1'><ul><li class=\"sf-field-search\" data-sf-field-name=\"search\" data-sf-field-type=\"search\" data-sf-field-input-type=\"\">\t\t<label>\n\t\t\t\t   <input placeholder=\"Recherche ...\" name=\"_sf_search[]\" class=\"sf-input-text\" type=\"text\" value=\"\" title=\"\"><\/label>\t\t<\/li><li class=\"sf-field-taxonomy-sector_category\" data-sf-field-name=\"_sft_sector_category\" data-sf-field-type=\"taxonomy\" data-sf-field-input-type=\"radio\">\t\t<ul class=\"\">\n\t\t\t\t\t  <li class=\"sf-level-0 sf-item-0 sf-option-active\" data-sf-count=\"0\" data-sf-depth=\"0\"><input  class=\"sf-input-radio\" type=\"radio\" value=\"\" name=\"_sft_sector_category[]\" checked=\"checked\" id=\"sf-input-b2bf1b85528acdf86893f4f746d01e9b\"><label class=\"sf-label-radio\" for=\"sf-input-b2bf1b85528acdf86893f4f746d01e9b\">Tous les secteurs<\/label><\/li><li class=\"sf-level-0 sf-item-58\" data-sf-count=\"1\" data-sf-depth=\"0\"><input  class=\"sf-input-radio\" type=\"radio\" value=\"construction\" name=\"_sft_sector_category[]\" id=\"sf-input-4a6552b0152c8bcaa135236dafbb140e\"><label class=\"sf-label-radio\" for=\"sf-input-4a6552b0152c8bcaa135236dafbb140e\">Construction<\/label><\/li><li class=\"sf-level-0 sf-item-40\" data-sf-count=\"1\" data-sf-depth=\"0\"><input  class=\"sf-input-radio\" type=\"radio\" value=\"energy\" name=\"_sft_sector_category[]\" id=\"sf-input-8073a89c6825d6dfa5e97f2e6661c238\"><label class=\"sf-label-radio\" for=\"sf-input-8073a89c6825d6dfa5e97f2e6661c238\">\u00c9nergie - \u00c9lectricit\u00e9, p\u00e9trole et gaz<\/label><\/li><li class=\"sf-level-0 sf-item-57\" data-sf-count=\"1\" data-sf-depth=\"0\"><input  class=\"sf-input-radio\" type=\"radio\" value=\"financial-services\" name=\"_sft_sector_category[]\" id=\"sf-input-2ad9713b5b12bfe6b4e1f9bb6cbb18b7\"><label class=\"sf-label-radio\" for=\"sf-input-2ad9713b5b12bfe6b4e1f9bb6cbb18b7\">Activit\u00e9s financi\u00e8res et d'assurance<\/label><\/li><li class=\"sf-level-0 sf-item-63\" data-sf-count=\"1\" data-sf-depth=\"0\"><input  class=\"sf-input-radio\" type=\"radio\" value=\"food-drink\" name=\"_sft_sector_category[]\" id=\"sf-input-f707acd7fb404a4a1ee8d4c777ca42b7\"><label class=\"sf-label-radio\" for=\"sf-input-f707acd7fb404a4a1ee8d4c777ca42b7\">Alimentation et boissons<\/label><\/li><li class=\"sf-level-0 sf-item-44\" data-sf-count=\"1\" data-sf-depth=\"0\"><input  class=\"sf-input-radio\" type=\"radio\" value=\"public-sector\" name=\"_sft_sector_category[]\" id=\"sf-input-ef8f52f425136b26659f9d377cc71980\"><label class=\"sf-label-radio\" for=\"sf-input-ef8f52f425136b26659f9d377cc71980\">Secteur public<\/label><\/li><li class=\"sf-level-0 sf-item-59\" data-sf-count=\"1\" data-sf-depth=\"0\"><input  class=\"sf-input-radio\" type=\"radio\" value=\"retail\" name=\"_sft_sector_category[]\" id=\"sf-input-29032299407025995384ebcd49df21ba\"><label class=\"sf-label-radio\" for=\"sf-input-29032299407025995384ebcd49df21ba\">Commerce de d\u00e9tail et de gros<\/label><\/li><li class=\"sf-level-0 sf-item-60\" data-sf-count=\"1\" data-sf-depth=\"0\"><input  class=\"sf-input-radio\" type=\"radio\" value=\"leisure-and-tourism\" name=\"_sft_sector_category[]\" id=\"sf-input-4b51aaa68c39bebb808a788f53a559ea\"><label class=\"sf-label-radio\" for=\"sf-input-4b51aaa68c39bebb808a788f53a559ea\">Tourisme, h\u00f4tellerie et loisirs<\/label><\/li>\t\t<\/ul>\n\t\t<\/li><li class=\"sf-field-taxonomy-cutomer_journey\" data-sf-field-name=\"_sft_cutomer_journey\" data-sf-field-type=\"taxonomy\" data-sf-field-input-type=\"radio\">\t\t<ul class=\"\">\n\t\t\t\t\t  <li class=\"sf-level-0 sf-item-0 sf-option-active\" data-sf-count=\"0\" data-sf-depth=\"0\"><input  class=\"sf-input-radio\" type=\"radio\" value=\"\" name=\"_sft_cutomer_journey[]\" checked=\"checked\" id=\"sf-input-7f591a90d4301a4820ac2c9f8fe366d9\"><label class=\"sf-label-radio\" for=\"sf-input-7f591a90d4301a4820ac2c9f8fe366d9\">Toutes les \u00e9tapes<\/label><\/li><li class=\"sf-level-0 sf-item-37\" data-sf-count=\"1\" data-sf-depth=\"0\"><input  class=\"sf-input-radio\" type=\"radio\" value=\"creation\" name=\"_sft_cutomer_journey[]\" id=\"sf-input-ed6cb994a60d0ee8a987914aad508d56\"><label class=\"sf-label-radio\" for=\"sf-input-ed6cb994a60d0ee8a987914aad508d56\">Cr\u00e9ation<\/label><\/li><li class=\"sf-level-0 sf-item-38\" data-sf-count=\"1\" data-sf-depth=\"0\"><input  class=\"sf-input-radio\" type=\"radio\" value=\"development\" name=\"_sft_cutomer_journey[]\" id=\"sf-input-dc095a07d19c2e43e068612204a6696e\"><label class=\"sf-label-radio\" for=\"sf-input-dc095a07d19c2e43e068612204a6696e\">D\u00e9veloppement<\/label><\/li><li class=\"sf-level-0 sf-item-39\" data-sf-count=\"1\" data-sf-depth=\"0\"><input  class=\"sf-input-radio\" type=\"radio\" value=\"transmission\" name=\"_sft_cutomer_journey[]\" id=\"sf-input-c1e8cf57b5731cb691d1ec860c500fce\"><label class=\"sf-label-radio\" for=\"sf-input-c1e8cf57b5731cb691d1ec860c500fce\">Transmission<\/label><\/li>\t\t<\/ul>\n\t\t<\/li><\/ul><\/form>\t\t\t\t<\/div>\n\t\t\t\t<\/div>\n\t\t\t\t<div class=\"elementor-element elementor-element-bef0e01 elementor-widget elementor-widget-wp-widget-search_filter_register_widget\" data-id=\"bef0e01\" data-element_type=\"widget\" data-e-type=\"widget\" data-widget_type=\"wp-widget-search_filter_register_widget.default\">\n\t\t\t\t<div class=\"elementor-widget-container\">\n\t\t\t\t\t<style>.elementor-element-bef0e01{display:none !important}<\/style>\t\t\t\t<\/div>\n\t\t\t\t<\/div>\n\t\t\t\t<div class=\"search-filter-results-1344 elementor-element elementor-element-57bed0d ae-post-layout-grid elementor-widget elementor-widget-ae-post-blocks\" data-id=\"57bed0d\" data-element_type=\"widget\" data-e-type=\"widget\" data-settings=\"{&quot;columns&quot;:3,&quot;columns_tablet&quot;:&quot;2&quot;,&quot;columns_mobile&quot;:&quot;1&quot;}\" data-widget_type=\"ae-post-blocks.default\">\n\t\t\t\t<div class=\"elementor-widget-container\">\n\t\t\t\t\t<style>.elementor-element-57bed0d{display:none !important}<\/style>\t\t\t\t<\/div>\n\t\t\t\t<\/div>\n\t\t\t\t<div class=\"search-filter-results-2896 elementor-element elementor-element-caf20d9 ae-post-layout-grid elementor-widget elementor-widget-ae-post-blocks\" data-id=\"caf20d9\" data-element_type=\"widget\" data-e-type=\"widget\" data-settings=\"{&quot;columns&quot;:3,&quot;columns_tablet&quot;:&quot;2&quot;,&quot;columns_mobile&quot;:&quot;1&quot;}\" data-widget_type=\"ae-post-blocks.default\">\n\t\t\t\t<div class=\"elementor-widget-container\">\n\t\t\t\t\t\t\t\t\t\t<div class=\"ae-post-overlay\">\n\t\t\t\t<div class=\"ae-post-overlay-wrapper\">\n\t\t\t\t\t<div class=\"ae-post-overlay-icon\">\n\t\t\t\t\t\t<i aria-hidden=\"true\" class=\"fa fa-sync\"><\/i>\t\t\t\t\t<\/div>\n\t\t\t\t\t<div class=\"ae-post-overlay-text\">\n\t\t\t\t\t\tChargement...\t\t\t\t\t<\/div>\n\t\t\t\t<\/div>\n\t\t\t<\/div>\n\t\t\n\t\t\t\t\t\t\t\t<div data-pid=\"12\" data-wid=\"caf20d9\" data-source=\"search_filter_query\" class=\"ae-post-widget-wrapper ae-masonry- ae-hpos- ae-vpos-\" data-disable_scroll_on_ajax_load=\"no\" data-pagination_scroll_top_offset=\"0\">\n\t\t\n\t\t\t\t<div class=\"ae-post-list-wrapper\">\n\t\t\t\n\t\t<article class=\"ae-post-list-item ae-post-list-item-caf20d9\">\n\t\t\t<div class=\"ae-article-inner\">\n\t\t\t\t\t\t\t\t<div class=\"ae_data elementor elementor-524\">\n\t\t\t\t\t\t\t\t\t\t\t<div data-elementor-type=\"wp-post\" data-elementor-id=\"524\" class=\"elementor elementor-524\" data-elementor-post-type=\"ae_global_templates\">\n\t\t\t\t\t\t<section data-ae-url=\"https:\/\/tgs-france.com\/fr\/blog\/business-transmission-project\/\" class=\"has_ae_slider elementor-section elementor-top-section elementor-element elementor-element-e7cd7e2 ae-link-yes elementor-section-boxed elementor-section-height-default elementor-section-height-default ae-bg-gallery-type-default\" data-id=\"e7cd7e2\" data-element_type=\"section\" data-e-type=\"section\" data-settings=\"{&quot;background_background&quot;:&quot;classic&quot;}\">\n\t\t\t\t\t\t<div class=\"elementor-container elementor-column-gap-default\">\n\t\t\t\t\t<div class=\"has_ae_slider elementor-column elementor-col-100 elementor-top-column elementor-element elementor-element-5285b9a ae-bg-gallery-type-default\" data-id=\"5285b9a\" data-element_type=\"column\" data-e-type=\"column\">\n\t\t\t<div class=\"elementor-widget-wrap elementor-element-populated\">\n\t\t\t\t\t\t<div class=\"elementor-element elementor-element-259250f elementor-widget elementor-widget-image\" data-id=\"259250f\" data-element_type=\"widget\" data-e-type=\"widget\" data-widget_type=\"image.default\">\n\t\t\t\t<div class=\"elementor-widget-container\">\n\t\t\t\t\t\t\t\t\t\t\t\t\t\t\t<img fetchpriority=\"high\" decoding=\"async\" width=\"2560\" height=\"1707\" src=\"https:\/\/tgs-france.com\/wp-content\/uploads\/2022\/02\/Img15-scaled.jpg\" class=\"attachment-full size-full wp-image-2835\" alt=\"\" srcset=\"https:\/\/tgs-france.com\/wp-content\/uploads\/2022\/02\/Img15-scaled.jpg 2560w, https:\/\/tgs-france.com\/wp-content\/uploads\/2022\/02\/Img15-300x200.jpg 300w, https:\/\/tgs-france.com\/wp-content\/uploads\/2022\/02\/Img15-1024x683.jpg 1024w, https:\/\/tgs-france.com\/wp-content\/uploads\/2022\/02\/Img15-768x512.jpg 768w, https:\/\/tgs-france.com\/wp-content\/uploads\/2022\/02\/Img15-1536x1024.jpg 1536w, https:\/\/tgs-france.com\/wp-content\/uploads\/2022\/02\/Img15-2048x1365.jpg 2048w\" sizes=\"(max-width: 2560px) 100vw, 2560px\" \/>\t\t\t\t\t\t\t\t\t\t\t\t\t\t\t<\/div>\n\t\t\t\t<\/div>\n\t\t\t\t<div class=\"elementor-element elementor-element-6302933 elementor-widget elementor-widget-text-editor\" data-id=\"6302933\" data-element_type=\"widget\" data-e-type=\"widget\" data-widget_type=\"text-editor.default\">\n\t\t\t\t<div class=\"elementor-widget-container\">\n\t\t\t\t\t\t\t\t\t12 f\u00e9vrier 2022\t\t\t\t\t\t\t\t<\/div>\n\t\t\t\t<\/div>\n\t\t\t\t<div class=\"elementor-element elementor-element-8089d72 elementor-widget elementor-widget-heading\" data-id=\"8089d72\" data-element_type=\"widget\" data-e-type=\"widget\" data-widget_type=\"heading.default\">\n\t\t\t\t<div class=\"elementor-widget-container\">\n\t\t\t\t\t<h2 class=\"elementor-heading-title elementor-size-default\">Transmission<\/h2>\t\t\t\t<\/div>\n\t\t\t\t<\/div>\n\t\t\t\t<div class=\"elementor-element elementor-element-21b6358 elementor-widget elementor-widget-text-editor\" data-id=\"21b6358\" data-element_type=\"widget\" data-e-type=\"widget\" data-widget_type=\"text-editor.default\">\n\t\t\t\t<div class=\"elementor-widget-container\">\n\t\t\t\t\t\t\t\t\tLa vente de votre entreprise soul\u00e8ve de nombreuses questions. Comment allez-vous optimiser la fiscalit\u00e9 de la vente ?\t\t\t\t\t\t\t\t<\/div>\n\t\t\t\t<\/div>\n\t\t\t\t<div class=\"elementor-element elementor-element-b1c188e elementor-align-left elementor-widget elementor-widget-button\" data-id=\"b1c188e\" data-element_type=\"widget\" data-e-type=\"widget\" data-widget_type=\"button.default\">\n\t\t\t\t<div class=\"elementor-widget-container\">\n\t\t\t\t\t\t\t\t\t<div class=\"elementor-button-wrapper\">\n\t\t\t\t\t<a class=\"elementor-button elementor-button-link elementor-size-xl\" href=\"https:\/\/tgs-france.com\/fr\/blog\/business-transmission-project\/\">\n\t\t\t\t\t\t<span class=\"elementor-button-content-wrapper\">\n\t\t\t\t\t\t\t\t\t<span class=\"elementor-button-text\">LIRE PLUS<\/span>\n\t\t\t\t\t<\/span>\n\t\t\t\t\t<\/a>\n\t\t\t\t<\/div>\n\t\t\t\t\t\t\t\t<\/div>\n\t\t\t\t<\/div>\n\t\t\t\t\t<\/div>\n\t\t<\/div>\n\t\t\t\t\t<\/div>\n\t\t<\/section>\n\t\t\t\t<\/div>\n\t\t\t\t\t\t\t\t\t\t<\/div>\n\t\t\t\t\t\t\t<\/div>\n\t\t<\/article>\n\n\t\t\n\t\t<article class=\"ae-post-list-item ae-post-list-item-caf20d9\">\n\t\t\t<div class=\"ae-article-inner\">\n\t\t\t\t\t\t\t\t<div class=\"ae_data elementor elementor-524\">\n\t\t\t\t\t\t\t\t\t\t\t<div data-elementor-type=\"wp-post\" data-elementor-id=\"524\" class=\"elementor elementor-524\" data-elementor-post-type=\"ae_global_templates\">\n\t\t\t\t\t\t<section data-ae-url=\"https:\/\/tgs-france.com\/fr\/blog\/no-audit\/\" class=\"has_ae_slider elementor-section elementor-top-section elementor-element elementor-element-e7cd7e2 ae-link-yes elementor-section-boxed elementor-section-height-default elementor-section-height-default ae-bg-gallery-type-default\" data-id=\"e7cd7e2\" data-element_type=\"section\" data-e-type=\"section\" data-settings=\"{&quot;background_background&quot;:&quot;classic&quot;}\">\n\t\t\t\t\t\t<div class=\"elementor-container elementor-column-gap-default\">\n\t\t\t\t\t<div class=\"has_ae_slider elementor-column elementor-col-100 elementor-top-column elementor-element elementor-element-5285b9a ae-bg-gallery-type-default\" data-id=\"5285b9a\" data-element_type=\"column\" data-e-type=\"column\">\n\t\t\t<div class=\"elementor-widget-wrap elementor-element-populated\">\n\t\t\t\t\t\t<div class=\"elementor-element elementor-element-259250f elementor-widget elementor-widget-image\" data-id=\"259250f\" data-element_type=\"widget\" data-e-type=\"widget\" data-widget_type=\"image.default\">\n\t\t\t\t<div class=\"elementor-widget-container\">\n\t\t\t\t\t\t\t\t\t\t\t\t\t\t\t<img decoding=\"async\" width=\"2560\" height=\"1707\" src=\"https:\/\/tgs-france.com\/wp-content\/uploads\/2022\/02\/Img4-scaled.jpg\" class=\"attachment-full size-full wp-image-2833\" alt=\"\" srcset=\"https:\/\/tgs-france.com\/wp-content\/uploads\/2022\/02\/Img4-scaled.jpg 2560w, https:\/\/tgs-france.com\/wp-content\/uploads\/2022\/02\/Img4-300x200.jpg 300w, https:\/\/tgs-france.com\/wp-content\/uploads\/2022\/02\/Img4-1024x683.jpg 1024w, https:\/\/tgs-france.com\/wp-content\/uploads\/2022\/02\/Img4-768x512.jpg 768w, https:\/\/tgs-france.com\/wp-content\/uploads\/2022\/02\/Img4-1536x1024.jpg 1536w, https:\/\/tgs-france.com\/wp-content\/uploads\/2022\/02\/Img4-2048x1365.jpg 2048w\" sizes=\"(max-width: 2560px) 100vw, 2560px\" \/>\t\t\t\t\t\t\t\t\t\t\t\t\t\t\t<\/div>\n\t\t\t\t<\/div>\n\t\t\t\t<div class=\"elementor-element elementor-element-6302933 elementor-widget elementor-widget-text-editor\" data-id=\"6302933\" data-element_type=\"widget\" data-e-type=\"widget\" data-widget_type=\"text-editor.default\">\n\t\t\t\t<div class=\"elementor-widget-container\">\n\t\t\t\t\t\t\t\t\t12 f\u00e9vrier 2022\t\t\t\t\t\t\t\t<\/div>\n\t\t\t\t<\/div>\n\t\t\t\t<div class=\"elementor-element elementor-element-8089d72 elementor-widget elementor-widget-heading\" data-id=\"8089d72\" data-element_type=\"widget\" data-e-type=\"widget\" data-widget_type=\"heading.default\">\n\t\t\t\t<div class=\"elementor-widget-container\">\n\t\t\t\t\t<h2 class=\"elementor-heading-title elementor-size-default\">Cr\u00e9ation<\/h2>\t\t\t\t<\/div>\n\t\t\t\t<\/div>\n\t\t\t\t<div class=\"elementor-element elementor-element-21b6358 elementor-widget elementor-widget-text-editor\" data-id=\"21b6358\" data-element_type=\"widget\" data-e-type=\"widget\" data-widget_type=\"text-editor.default\">\n\t\t\t\t<div class=\"elementor-widget-container\">\n\t\t\t\t\t\t\t\t\tVotre motivation pour cr\u00e9er une entreprise \u00e9tait-elle li\u00e9e \u00e0 votre projet de vie ? \t\t\t\t\t\t\t\t<\/div>\n\t\t\t\t<\/div>\n\t\t\t\t<div class=\"elementor-element elementor-element-b1c188e elementor-align-left elementor-widget elementor-widget-button\" data-id=\"b1c188e\" data-element_type=\"widget\" data-e-type=\"widget\" data-widget_type=\"button.default\">\n\t\t\t\t<div class=\"elementor-widget-container\">\n\t\t\t\t\t\t\t\t\t<div class=\"elementor-button-wrapper\">\n\t\t\t\t\t<a class=\"elementor-button elementor-button-link elementor-size-xl\" href=\"https:\/\/tgs-france.com\/fr\/blog\/no-audit\/\">\n\t\t\t\t\t\t<span class=\"elementor-button-content-wrapper\">\n\t\t\t\t\t\t\t\t\t<span class=\"elementor-button-text\">LIRE PLUS<\/span>\n\t\t\t\t\t<\/span>\n\t\t\t\t\t<\/a>\n\t\t\t\t<\/div>\n\t\t\t\t\t\t\t\t<\/div>\n\t\t\t\t<\/div>\n\t\t\t\t\t<\/div>\n\t\t<\/div>\n\t\t\t\t\t<\/div>\n\t\t<\/section>\n\t\t\t\t<\/div>\n\t\t\t\t\t\t\t\t\t\t<\/div>\n\t\t\t\t\t\t\t<\/div>\n\t\t<\/article>\n\n\t\t\n\t\t<article class=\"ae-post-list-item ae-post-list-item-caf20d9\">\n\t\t\t<div class=\"ae-article-inner\">\n\t\t\t\t\t\t\t\t<div class=\"ae_data elementor elementor-524\">\n\t\t\t\t\t\t\t\t\t\t\t<div data-elementor-type=\"wp-post\" data-elementor-id=\"524\" class=\"elementor elementor-524\" data-elementor-post-type=\"ae_global_templates\">\n\t\t\t\t\t\t<section data-ae-url=\"https:\/\/tgs-france.com\/fr\/blog\/teste-blog-post\/\" class=\"has_ae_slider elementor-section elementor-top-section elementor-element elementor-element-e7cd7e2 ae-link-yes elementor-section-boxed elementor-section-height-default elementor-section-height-default ae-bg-gallery-type-default\" data-id=\"e7cd7e2\" data-element_type=\"section\" data-e-type=\"section\" data-settings=\"{&quot;background_background&quot;:&quot;classic&quot;}\">\n\t\t\t\t\t\t<div class=\"elementor-container elementor-column-gap-default\">\n\t\t\t\t\t<div class=\"has_ae_slider elementor-column elementor-col-100 elementor-top-column elementor-element elementor-element-5285b9a ae-bg-gallery-type-default\" data-id=\"5285b9a\" data-element_type=\"column\" data-e-type=\"column\">\n\t\t\t<div class=\"elementor-widget-wrap elementor-element-populated\">\n\t\t\t\t\t\t<div class=\"elementor-element elementor-element-259250f elementor-widget elementor-widget-image\" data-id=\"259250f\" data-element_type=\"widget\" data-e-type=\"widget\" data-widget_type=\"image.default\">\n\t\t\t\t<div class=\"elementor-widget-container\">\n\t\t\t\t\t\t\t\t\t\t\t\t\t\t\t<img decoding=\"async\" width=\"2560\" height=\"1709\" src=\"https:\/\/tgs-france.com\/wp-content\/uploads\/2022\/02\/Img1-scaled.jpg\" class=\"attachment-full size-full wp-image-2834\" alt=\"\" srcset=\"https:\/\/tgs-france.com\/wp-content\/uploads\/2022\/02\/Img1-scaled.jpg 2560w, https:\/\/tgs-france.com\/wp-content\/uploads\/2022\/02\/Img1-300x200.jpg 300w, https:\/\/tgs-france.com\/wp-content\/uploads\/2022\/02\/Img1-1024x683.jpg 1024w, https:\/\/tgs-france.com\/wp-content\/uploads\/2022\/02\/Img1-768x513.jpg 768w, https:\/\/tgs-france.com\/wp-content\/uploads\/2022\/02\/Img1-1536x1025.jpg 1536w, https:\/\/tgs-france.com\/wp-content\/uploads\/2022\/02\/Img1-2048x1367.jpg 2048w\" sizes=\"(max-width: 2560px) 100vw, 2560px\" \/>\t\t\t\t\t\t\t\t\t\t\t\t\t\t\t<\/div>\n\t\t\t\t<\/div>\n\t\t\t\t<div class=\"elementor-element elementor-element-6302933 elementor-widget elementor-widget-text-editor\" data-id=\"6302933\" data-element_type=\"widget\" data-e-type=\"widget\" data-widget_type=\"text-editor.default\">\n\t\t\t\t<div class=\"elementor-widget-container\">\n\t\t\t\t\t\t\t\t\t12 f\u00e9vrier 2022\t\t\t\t\t\t\t\t<\/div>\n\t\t\t\t<\/div>\n\t\t\t\t<div class=\"elementor-element elementor-element-8089d72 elementor-widget elementor-widget-heading\" data-id=\"8089d72\" data-element_type=\"widget\" data-e-type=\"widget\" data-widget_type=\"heading.default\">\n\t\t\t\t<div class=\"elementor-widget-container\">\n\t\t\t\t\t<h2 class=\"elementor-heading-title elementor-size-default\">D\u00e9veloppement<\/h2>\t\t\t\t<\/div>\n\t\t\t\t<\/div>\n\t\t\t\t<div class=\"elementor-element elementor-element-21b6358 elementor-widget elementor-widget-text-editor\" data-id=\"21b6358\" data-element_type=\"widget\" data-e-type=\"widget\" data-widget_type=\"text-editor.default\">\n\t\t\t\t<div class=\"elementor-widget-container\">\n\t\t\t\t\t\t\t\t\tVous aurez besoin d'une perspective globale de votre activit\u00e9 pour \u00eatre en mesure d'identifier les opportunit\u00e9s de croissance.\t\t\t\t\t\t\t\t<\/div>\n\t\t\t\t<\/div>\n\t\t\t\t<div class=\"elementor-element elementor-element-b1c188e elementor-align-left elementor-widget elementor-widget-button\" data-id=\"b1c188e\" data-element_type=\"widget\" data-e-type=\"widget\" data-widget_type=\"button.default\">\n\t\t\t\t<div class=\"elementor-widget-container\">\n\t\t\t\t\t\t\t\t\t<div class=\"elementor-button-wrapper\">\n\t\t\t\t\t<a class=\"elementor-button elementor-button-link elementor-size-xl\" href=\"https:\/\/tgs-france.com\/fr\/blog\/teste-blog-post\/\">\n\t\t\t\t\t\t<span class=\"elementor-button-content-wrapper\">\n\t\t\t\t\t\t\t\t\t<span class=\"elementor-button-text\">LIRE PLUS<\/span>\n\t\t\t\t\t<\/span>\n\t\t\t\t\t<\/a>\n\t\t\t\t<\/div>\n\t\t\t\t\t\t\t\t<\/div>\n\t\t\t\t<\/div>\n\t\t\t\t\t<\/div>\n\t\t<\/div>\n\t\t\t\t\t<\/div>\n\t\t<\/section>\n\t\t\t\t<\/div>\n\t\t\t\t\t\t\t\t\t\t<\/div>\n\t\t\t\t\t\t\t<\/div>\n\t\t<\/article>\n\n\t\t\t\t<\/div>\n\t\t\t\t\n\n\n\t\t\n\t\t\t\t\t<\/div>\n\t\t\n\t\t\t\t\t\t<\/div>\n\t\t\t\t<\/div>\n\t\t\t\t<div class=\"search-filter-results-2897 elementor-element elementor-element-5bd2379 ae-post-layout-grid elementor-widget elementor-widget-ae-post-blocks\" data-id=\"5bd2379\" data-element_type=\"widget\" data-e-type=\"widget\" data-settings=\"{&quot;columns&quot;:3,&quot;columns_tablet&quot;:&quot;2&quot;,&quot;columns_mobile&quot;:&quot;1&quot;}\" data-widget_type=\"ae-post-blocks.default\">\n\t\t\t\t<div class=\"elementor-widget-container\">\n\t\t\t\t\t<style>.elementor-element-5bd2379{display:none !important}<\/style>\t\t\t\t<\/div>\n\t\t\t\t<\/div>\n\t\t\t\t\t<\/div>\n\t\t<\/div>\n\t\t\t\t\t<\/div>\n\t\t<\/section>\n\t\t\t\t<\/div>","protected":false},"excerpt":{"rendered":"<p>Actualit\u00e9s Chargement... LIRE LA SUITE LIRE LA SUITE LIRE LA SUITE<\/p>","protected":false},"author":2,"featured_media":0,"parent":0,"menu_order":0,"comment_status":"closed","ping_status":"closed","template":"","meta":{"_acf_changed":false,"footnotes":""},"class_list":["post-12","page","type-page","status-publish","hentry"],"acf":[],"_links":{"self":[{"href":"https:\/\/tgs-france.com\/fr\/wp-json\/wp\/v2\/pages\/12","targetHints":{"allow":["GET"]}}],"collection":[{"href":"https:\/\/tgs-france.com\/fr\/wp-json\/wp\/v2\/pages"}],"about":[{"href":"https:\/\/tgs-france.com\/fr\/wp-json\/wp\/v2\/types\/page"}],"author":[{"embeddable":true,"href":"https:\/\/tgs-france.com\/fr\/wp-json\/wp\/v2\/users\/2"}],"replies":[{"embeddable":true,"href":"https:\/\/tgs-france.com\/fr\/wp-json\/wp\/v2\/comments?post=12"}],"version-history":[{"count":12,"href":"https:\/\/tgs-france.com\/fr\/wp-json\/wp\/v2\/pages\/12\/revisions"}],"predecessor-version":[{"id":2900,"href":"https:\/\/tgs-france.com\/fr\/wp-json\/wp\/v2\/pages\/12\/revisions\/2900"}],"wp:attachment":[{"href":"https:\/\/tgs-france.com\/fr\/wp-json\/wp\/v2\/media?parent=12"}],"curies":[{"name":"wp","href":"https:\/\/api.w.org\/{rel}","templated":true}]}}