{"id":340,"date":"2021-09-19T14:59:24","date_gmt":"2021-09-19T14:59:24","guid":{"rendered":"https:\/\/audreym15.sg-host.com\/?page_id=340"},"modified":"2026-02-19T13:42:54","modified_gmt":"2026-02-19T13:42:54","slug":"our-values","status":"publish","type":"page","link":"https:\/\/tgs-france.com\/de\/our-values\/","title":{"rendered":"Unsere Werte"},"content":{"rendered":"<div data-elementor-type=\"wp-page\" data-elementor-id=\"340\" class=\"elementor elementor-340\" data-elementor-post-type=\"page\">\n\t\t\t\t\t\t<section class=\"has_ae_slider elementor-section elementor-top-section elementor-element elementor-element-a7e6dc0 elementor-section-full_width elementor-section-height-default elementor-section-height-default ae-bg-gallery-type-default\" data-id=\"a7e6dc0\" data-element_type=\"section\" data-e-type=\"section\" data-settings=\"{&quot;background_background&quot;:&quot;classic&quot;}\">\n\t\t\t\t\t\t<div class=\"elementor-container elementor-column-gap-default\">\n\t\t\t\t\t<div class=\"has_ae_slider elementor-column elementor-col-50 elementor-top-column elementor-element elementor-element-18d6fca ae-bg-gallery-type-default\" data-id=\"18d6fca\" data-element_type=\"column\" data-e-type=\"column\">\n\t\t\t<div class=\"elementor-widget-wrap elementor-element-populated\">\n\t\t\t\t\t\t<div class=\"elementor-element elementor-element-b5e3723 elementor-widget elementor-widget-heading\" data-id=\"b5e3723\" data-element_type=\"widget\" data-e-type=\"widget\" data-widget_type=\"heading.default\">\n\t\t\t\t<div class=\"elementor-widget-container\">\n\t\t\t\t\t<h2 class=\"elementor-heading-title elementor-size-default\">Unsere Werte<\/h2>\t\t\t\t<\/div>\n\t\t\t\t<\/div>\n\t\t\t\t<div class=\"elementor-element elementor-element-234825a elementor-widget elementor-widget-text-editor\" data-id=\"234825a\" data-element_type=\"widget\" data-e-type=\"widget\" data-widget_type=\"text-editor.default\">\n\t\t\t\t<div class=\"elementor-widget-container\">\n\t\t\t\t\t\t\t\t\t<p dir=\"ltr\">Wir haben uns f\u00fcr die Mitgliedschaft im internationalen TGS-Netzwerk entschieden, weil wir dessen Werte unterst\u00fctzen.\u00a0<\/p><p dir=\"ltr\">TGS ist ein weltweites Netzwerk unabh\u00e4ngiger Unternehmen, die Dienstleistungen in den Bereichen Wirtschaftspr\u00fcfung, Buchhaltung, Beratung, Steuern und Recht anbieten.<\/p><p dir=\"ltr\">Dank unserer Mitgliedschaft im TGS-Netzwerk k\u00f6nnen wir \u00fcberall auf der Welt t\u00e4tig werden. Wir haben Zugang zu allen Kompetenzen, die Sie f\u00fcr Ihre internationalen Projekte ben\u00f6tigen.<\/p>\t\t\t\t\t\t\t\t<\/div>\n\t\t\t\t<\/div>\n\t\t\t\t\t<\/div>\n\t\t<\/div>\n\t\t\t\t<div class=\"has_ae_slider elementor-column elementor-col-50 elementor-top-column elementor-element elementor-element-d5dbb54 elementor-hidden-mobile ae-bg-gallery-type-default\" data-id=\"d5dbb54\" data-element_type=\"column\" data-e-type=\"column\">\n\t\t\t<div class=\"elementor-widget-wrap elementor-element-populated\">\n\t\t\t\t\t\t<div class=\"elementor-element elementor-element-f588cac elementor-widget elementor-widget-image\" data-id=\"f588cac\" data-element_type=\"widget\" data-e-type=\"widget\" data-widget_type=\"image.default\">\n\t\t\t\t<div class=\"elementor-widget-container\">\n\t\t\t\t\t\t\t\t\t\t\t\t\t\t\t<img fetchpriority=\"high\" decoding=\"async\" width=\"465\" height=\"1024\" src=\"https:\/\/tgs-france.com\/wp-content\/uploads\/2021\/09\/PLACEHOLDER-Rectangle-DARK-RIGHT-465x1024.png\" class=\"attachment-large size-large wp-image-186\" alt=\"\" srcset=\"https:\/\/tgs-france.com\/wp-content\/uploads\/2021\/09\/PLACEHOLDER-Rectangle-DARK-RIGHT-465x1024.png 465w, https:\/\/tgs-france.com\/wp-content\/uploads\/2021\/09\/PLACEHOLDER-Rectangle-DARK-RIGHT-136x300.png 136w, https:\/\/tgs-france.com\/wp-content\/uploads\/2021\/09\/PLACEHOLDER-Rectangle-DARK-RIGHT-768x1692.png 768w, https:\/\/tgs-france.com\/wp-content\/uploads\/2021\/09\/PLACEHOLDER-Rectangle-DARK-RIGHT-697x1536.png 697w, https:\/\/tgs-france.com\/wp-content\/uploads\/2021\/09\/PLACEHOLDER-Rectangle-DARK-RIGHT.png 840w\" sizes=\"(max-width: 465px) 100vw, 465px\" \/>\t\t\t\t\t\t\t\t\t\t\t\t\t\t\t<\/div>\n\t\t\t\t<\/div>\n\t\t\t\t\t<\/div>\n\t\t<\/div>\n\t\t\t\t\t<\/div>\n\t\t<\/section>\n\t\t\t\t<section class=\"has_ae_slider elementor-section elementor-top-section elementor-element elementor-element-f7fc6d8 elementor-section-boxed elementor-section-height-default elementor-section-height-default ae-bg-gallery-type-default\" data-id=\"f7fc6d8\" data-element_type=\"section\" data-e-type=\"section\" data-settings=\"{&quot;background_background&quot;:&quot;classic&quot;}\">\n\t\t\t\t\t\t<div class=\"elementor-container elementor-column-gap-default\">\n\t\t\t\t\t<div class=\"has_ae_slider elementor-column elementor-col-100 elementor-top-column elementor-element elementor-element-e42184d ae-bg-gallery-type-default\" data-id=\"e42184d\" data-element_type=\"column\" data-e-type=\"column\">\n\t\t\t<div class=\"elementor-widget-wrap elementor-element-populated\">\n\t\t\t\t\t\t<section class=\"has_ae_slider elementor-section elementor-inner-section elementor-element elementor-element-b027428 elementor-section-boxed elementor-section-height-default elementor-section-height-default ae-bg-gallery-type-default\" data-id=\"b027428\" data-element_type=\"section\" data-e-type=\"section\">\n\t\t\t\t\t\t<div class=\"elementor-container elementor-column-gap-default\">\n\t\t\t\t\t<div class=\"has_ae_slider elementor-column elementor-col-33 elementor-inner-column elementor-element elementor-element-6ab3567 ae-bg-gallery-type-default\" data-id=\"6ab3567\" data-element_type=\"column\" data-e-type=\"column\">\n\t\t\t<div class=\"elementor-widget-wrap elementor-element-populated\">\n\t\t\t\t\t\t<div class=\"elementor-element elementor-element-ec495b7 elementor-widget elementor-widget-image\" data-id=\"ec495b7\" data-element_type=\"widget\" data-e-type=\"widget\" data-widget_type=\"image.default\">\n\t\t\t\t<div class=\"elementor-widget-container\">\n\t\t\t\t\t\t\t\t\t\t\t\t\t\t\t<img decoding=\"async\" width=\"756\" height=\"756\" src=\"https:\/\/tgs-france.com\/wp-content\/uploads\/2022\/03\/together.png\" class=\"attachment-full size-full wp-image-2305\" alt=\"\" srcset=\"https:\/\/tgs-france.com\/wp-content\/uploads\/2022\/03\/together.png 756w, https:\/\/tgs-france.com\/wp-content\/uploads\/2022\/03\/together-300x300.png 300w, https:\/\/tgs-france.com\/wp-content\/uploads\/2022\/03\/together-150x150.png 150w, https:\/\/tgs-france.com\/wp-content\/uploads\/2022\/03\/together-12x12.png 12w\" sizes=\"(max-width: 756px) 100vw, 756px\" \/>\t\t\t\t\t\t\t\t\t\t\t\t\t\t\t<\/div>\n\t\t\t\t<\/div>\n\t\t\t\t<div class=\"elementor-element elementor-element-2b4bb39 elementor-widget elementor-widget-text-editor\" data-id=\"2b4bb39\" data-element_type=\"widget\" data-e-type=\"widget\" data-widget_type=\"text-editor.default\">\n\t\t\t\t<div class=\"elementor-widget-container\">\n\t\t\t\t\t\t\t\t\t<p>Gemeinsam<\/p>\t\t\t\t\t\t\t\t<\/div>\n\t\t\t\t<\/div>\n\t\t\t\t<div class=\"elementor-element elementor-element-f1a2877 elementor-widget elementor-widget-text-editor\" data-id=\"f1a2877\" data-element_type=\"widget\" data-e-type=\"widget\" data-widget_type=\"text-editor.default\">\n\t\t\t\t<div class=\"elementor-widget-container\">\n\t\t\t\t\t\t\t\t\t<p dir=\"ltr\">Kooperieren und innovieren, um gemeinsam nachhaltig zu wachsen: heute und morgen.<\/p>\t\t\t\t\t\t\t\t<\/div>\n\t\t\t\t<\/div>\n\t\t\t\t\t<\/div>\n\t\t<\/div>\n\t\t\t\t<div class=\"has_ae_slider elementor-column elementor-col-33 elementor-inner-column elementor-element elementor-element-cb42cd7 ae-bg-gallery-type-default\" data-id=\"cb42cd7\" data-element_type=\"column\" data-e-type=\"column\">\n\t\t\t<div class=\"elementor-widget-wrap elementor-element-populated\">\n\t\t\t\t\t\t<div class=\"elementor-element elementor-element-211f805 elementor-widget elementor-widget-image\" data-id=\"211f805\" data-element_type=\"widget\" data-e-type=\"widget\" data-widget_type=\"image.default\">\n\t\t\t\t<div class=\"elementor-widget-container\">\n\t\t\t\t\t\t\t\t\t\t\t\t\t\t\t<img decoding=\"async\" width=\"756\" height=\"756\" src=\"https:\/\/tgs-france.com\/wp-content\/uploads\/2022\/03\/Agile.png\" class=\"attachment-full size-full wp-image-2303\" alt=\"\" srcset=\"https:\/\/tgs-france.com\/wp-content\/uploads\/2022\/03\/Agile.png 756w, https:\/\/tgs-france.com\/wp-content\/uploads\/2022\/03\/Agile-300x300.png 300w, https:\/\/tgs-france.com\/wp-content\/uploads\/2022\/03\/Agile-150x150.png 150w, https:\/\/tgs-france.com\/wp-content\/uploads\/2022\/03\/Agile-12x12.png 12w\" sizes=\"(max-width: 756px) 100vw, 756px\" \/>\t\t\t\t\t\t\t\t\t\t\t\t\t\t\t<\/div>\n\t\t\t\t<\/div>\n\t\t\t\t<div class=\"elementor-element elementor-element-b8d70a2 elementor-widget elementor-widget-text-editor\" data-id=\"b8d70a2\" data-element_type=\"widget\" data-e-type=\"widget\" data-widget_type=\"text-editor.default\">\n\t\t\t\t<div class=\"elementor-widget-container\">\n\t\t\t\t\t\t\t\t\t<p>Agil<\/p>\t\t\t\t\t\t\t\t<\/div>\n\t\t\t\t<\/div>\n\t\t\t\t<div class=\"elementor-element elementor-element-2001cd8 elementor-widget elementor-widget-text-editor\" data-id=\"2001cd8\" data-element_type=\"widget\" data-e-type=\"widget\" data-widget_type=\"text-editor.default\">\n\t\t\t\t<div class=\"elementor-widget-container\">\n\t\t\t\t\t\t\t\t\t<p>Aktives, angemessenes und pers\u00f6nliches Eingehen auf Kunden in einem sich schnell ver\u00e4ndernden Umfeld.<\/p>\t\t\t\t\t\t\t\t<\/div>\n\t\t\t\t<\/div>\n\t\t\t\t\t<\/div>\n\t\t<\/div>\n\t\t\t\t<div class=\"has_ae_slider elementor-column elementor-col-33 elementor-inner-column elementor-element elementor-element-c933ab5 ae-bg-gallery-type-default\" data-id=\"c933ab5\" data-element_type=\"column\" data-e-type=\"column\">\n\t\t\t<div class=\"elementor-widget-wrap elementor-element-populated\">\n\t\t\t\t\t\t<div class=\"elementor-element elementor-element-dccf31f elementor-widget elementor-widget-image\" data-id=\"dccf31f\" data-element_type=\"widget\" data-e-type=\"widget\" data-widget_type=\"image.default\">\n\t\t\t\t<div class=\"elementor-widget-container\">\n\t\t\t\t\t\t\t\t\t\t\t\t\t\t\t<img loading=\"lazy\" decoding=\"async\" width=\"756\" height=\"756\" src=\"https:\/\/tgs-france.com\/wp-content\/uploads\/2022\/03\/Ethical.png\" class=\"attachment-large size-large wp-image-2304\" alt=\"\" srcset=\"https:\/\/tgs-france.com\/wp-content\/uploads\/2022\/03\/Ethical.png 756w, https:\/\/tgs-france.com\/wp-content\/uploads\/2022\/03\/Ethical-300x300.png 300w, https:\/\/tgs-france.com\/wp-content\/uploads\/2022\/03\/Ethical-150x150.png 150w, https:\/\/tgs-france.com\/wp-content\/uploads\/2022\/03\/Ethical-12x12.png 12w\" sizes=\"(max-width: 756px) 100vw, 756px\" \/>\t\t\t\t\t\t\t\t\t\t\t\t\t\t\t<\/div>\n\t\t\t\t<\/div>\n\t\t\t\t<div class=\"elementor-element elementor-element-f63129e elementor-widget elementor-widget-text-editor\" data-id=\"f63129e\" data-element_type=\"widget\" data-e-type=\"widget\" data-widget_type=\"text-editor.default\">\n\t\t\t\t<div class=\"elementor-widget-container\">\n\t\t\t\t\t\t\t\t\t<p><strong style=\"box-sizing: inherit; font-weight: bold; margin: 0px; padding: 0px; border: 0px; font-size: 16px; vertical-align: baseline; color: #323338; font-family: Roboto, Arial; text-align: start; outline: none !important;\">Bewusst<\/strong><\/p>\t\t\t\t\t\t\t\t<\/div>\n\t\t\t\t<\/div>\n\t\t\t\t<div class=\"elementor-element elementor-element-786505a elementor-widget elementor-widget-text-editor\" data-id=\"786505a\" data-element_type=\"widget\" data-e-type=\"widget\" data-widget_type=\"text-editor.default\">\n\t\t\t\t<div class=\"elementor-widget-container\">\n\t\t\t\t\t\t\t\t\t<p>Wir respektieren uns gegenseitig, unser weiteres Umfeld und stellen die Erfahrung unserer Kunden in den Vordergrund, um eine qualitativ hochwertige Dienstleistung mit hohem Mehrwert zu erbringen.<\/p>\t\t\t\t\t\t\t\t<\/div>\n\t\t\t\t<\/div>\n\t\t\t\t\t<\/div>\n\t\t<\/div>\n\t\t\t\t\t<\/div>\n\t\t<\/section>\n\t\t\t\t<section class=\"has_ae_slider elementor-section elementor-inner-section elementor-element elementor-element-b67559f elementor-section-boxed elementor-section-height-default elementor-section-height-default ae-bg-gallery-type-default\" data-id=\"b67559f\" data-element_type=\"section\" data-e-type=\"section\">\n\t\t\t\t\t\t<div class=\"elementor-container elementor-column-gap-default\">\n\t\t\t\t\t<div class=\"has_ae_slider elementor-column elementor-col-50 elementor-inner-column elementor-element elementor-element-0cf30ed ae-bg-gallery-type-default\" data-id=\"0cf30ed\" data-element_type=\"column\" data-e-type=\"column\">\n\t\t\t<div class=\"elementor-widget-wrap elementor-element-populated\">\n\t\t\t\t\t\t<div class=\"elementor-element elementor-element-40376f7 elementor-widget elementor-widget-heading\" data-id=\"40376f7\" data-element_type=\"widget\" data-e-type=\"widget\" data-widget_type=\"heading.default\">\n\t\t\t\t<div class=\"elementor-widget-container\">\n\t\t\t\t\t<h2 class=\"elementor-heading-title elementor-size-default\">Unsere DNA<\/h2>\t\t\t\t<\/div>\n\t\t\t\t<\/div>\n\t\t\t\t<div class=\"elementor-element elementor-element-c22c24c elementor-widget elementor-widget-text-editor\" data-id=\"c22c24c\" data-element_type=\"widget\" data-e-type=\"widget\" data-widget_type=\"text-editor.default\">\n\t\t\t\t<div class=\"elementor-widget-container\">\n\t\t\t\t\t\t\t\t\t<p dir=\"ltr\">Wir unterst\u00fctzen die Entwicklung unserer Kunden mit unternehmerischem Geist. Wir wagen es, anders zu sein, um die Interessen von Kunden, Mitarbeitern und Stakeholdern zu wahren.<\/p><p dir=\"ltr\">Wir unterst\u00fctzen unsere Kunden durch die Entwicklung globaler, nachhaltiger One-Stop-Shop-L\u00f6sungen f\u00fcr Gesch\u00e4ftsprojekte. Unsere Kunden profitieren von unserem Fachwissen, um ihr lokales und internationales Wachstum zu f\u00f6rdern. Wir sichern Unternehmen gegen finanzielle und organisatorische Risiken ab.<\/p><p dir=\"ltr\">Unsere pragmatische Sicht der Dinge, unsere Erfahrung in der Praxis und das Feedback unserer Mitglieder des TGS-Netzwerks erm\u00f6glichen es uns, unsere Methoden und L\u00f6sungen kontinuierlich zu verbessern, um sie an die besonderen Gegebenheiten unserer Kunden anzupassen.<\/p><p dir=\"ltr\">\u00a0<\/p>\t\t\t\t\t\t\t\t<\/div>\n\t\t\t\t<\/div>\n\t\t\t\t\t<\/div>\n\t\t<\/div>\n\t\t\t\t<div class=\"has_ae_slider elementor-column elementor-col-50 elementor-inner-column elementor-element elementor-element-24cb129 ae-bg-gallery-type-default\" data-id=\"24cb129\" data-element_type=\"column\" data-e-type=\"column\">\n\t\t\t<div class=\"elementor-widget-wrap elementor-element-populated\">\n\t\t\t\t\t\t<div class=\"elementor-element elementor-element-114c4f2 elementor-widget elementor-widget-image\" data-id=\"114c4f2\" data-element_type=\"widget\" data-e-type=\"widget\" data-widget_type=\"image.default\">\n\t\t\t\t<div class=\"elementor-widget-container\">\n\t\t\t\t\t\t\t\t\t\t\t\t\t\t\t<img loading=\"lazy\" decoding=\"async\" width=\"800\" height=\"692\" src=\"https:\/\/tgs-france.com\/wp-content\/uploads\/2022\/03\/Group-64-1024x886.png\" class=\"attachment-large size-large wp-image-2308\" alt=\"\" srcset=\"https:\/\/tgs-france.com\/wp-content\/uploads\/2022\/03\/Group-64-1024x886.png 1024w, https:\/\/tgs-france.com\/wp-content\/uploads\/2022\/03\/Group-64-300x260.png 300w, https:\/\/tgs-france.com\/wp-content\/uploads\/2022\/03\/Group-64-768x664.png 768w, https:\/\/tgs-france.com\/wp-content\/uploads\/2022\/03\/Group-64-14x12.png 14w, https:\/\/tgs-france.com\/wp-content\/uploads\/2022\/03\/Group-64.png 1424w\" sizes=\"(max-width: 800px) 100vw, 800px\" \/>\t\t\t\t\t\t\t\t\t\t\t\t\t\t\t<\/div>\n\t\t\t\t<\/div>\n\t\t\t\t\t<\/div>\n\t\t<\/div>\n\t\t\t\t\t<\/div>\n\t\t<\/section>\n\t\t\t\t<section class=\"has_ae_slider elementor-section elementor-inner-section elementor-element elementor-element-b727d08 elementor-section-boxed elementor-section-height-default elementor-section-height-default ae-bg-gallery-type-default\" data-id=\"b727d08\" data-element_type=\"section\" data-e-type=\"section\">\n\t\t\t\t\t\t<div class=\"elementor-container elementor-column-gap-default\">\n\t\t\t\t\t<div class=\"has_ae_slider elementor-column elementor-col-50 elementor-inner-column elementor-element elementor-element-eced394 ae-bg-gallery-type-default\" data-id=\"eced394\" data-element_type=\"column\" data-e-type=\"column\">\n\t\t\t<div class=\"elementor-widget-wrap elementor-element-populated\">\n\t\t\t\t\t\t<div class=\"elementor-element elementor-element-53e689b elementor-hidden-mobile elementor-widget elementor-widget-image\" data-id=\"53e689b\" data-element_type=\"widget\" data-e-type=\"widget\" data-widget_type=\"image.default\">\n\t\t\t\t<div class=\"elementor-widget-container\">\n\t\t\t\t\t\t\t\t\t\t\t\t\t\t\t<img loading=\"lazy\" decoding=\"async\" width=\"466\" height=\"419\" src=\"https:\/\/tgs-france.com\/wp-content\/uploads\/2022\/03\/Group-61.png\" class=\"attachment-large size-large wp-image-2307\" alt=\"\" srcset=\"https:\/\/tgs-france.com\/wp-content\/uploads\/2022\/03\/Group-61.png 466w, https:\/\/tgs-france.com\/wp-content\/uploads\/2022\/03\/Group-61-300x270.png 300w, https:\/\/tgs-france.com\/wp-content\/uploads\/2022\/03\/Group-61-13x12.png 13w\" sizes=\"(max-width: 466px) 100vw, 466px\" \/>\t\t\t\t\t\t\t\t\t\t\t\t\t\t\t<\/div>\n\t\t\t\t<\/div>\n\t\t\t\t\t<\/div>\n\t\t<\/div>\n\t\t\t\t<div class=\"has_ae_slider elementor-column elementor-col-50 elementor-inner-column elementor-element elementor-element-9c568bd ae-bg-gallery-type-default\" data-id=\"9c568bd\" data-element_type=\"column\" data-e-type=\"column\">\n\t\t\t<div class=\"elementor-widget-wrap elementor-element-populated\">\n\t\t\t\t\t\t<div class=\"elementor-element elementor-element-53aa03e elementor-widget elementor-widget-heading\" data-id=\"53aa03e\" data-element_type=\"widget\" data-e-type=\"widget\" data-widget_type=\"heading.default\">\n\t\t\t\t<div class=\"elementor-widget-container\">\n\t\t\t\t\t<h2 class=\"elementor-heading-title elementor-size-default\">Unser Leitbild<\/h2>\t\t\t\t<\/div>\n\t\t\t\t<\/div>\n\t\t\t\t<div class=\"elementor-element elementor-element-d84fee2 elementor-widget elementor-widget-text-editor\" data-id=\"d84fee2\" data-element_type=\"widget\" data-e-type=\"widget\" data-widget_type=\"text-editor.default\">\n\t\t\t\t<div class=\"elementor-widget-container\">\n\t\t\t\t\t\t\t\t\t<p dir=\"ltr\">Wir lernen st\u00e4ndig dazu und arbeiten aktiv mit unserem Team und den Kollegen des internationalen TGS-Netzwerks zusammen, um aktiv auf die sich schnell ver\u00e4ndernden und unsicheren Rahmenbedingungen reagieren zu k\u00f6nnen. Wir profitieren von der Kenntnis der weltweit besten Praktiken in den Bereichen Wirtschaftspr\u00fcfung, Buchhaltung, Beratung, Steuern und Recht.<\/p><p dir=\"ltr\">Wir kommunizieren, wir tauschen Ideen aus und wir setzen unser Fachwissen und unser Know-how ein, um uns an bahnbrechende Technologien und neue Gesch\u00e4ftspraktiken anzupassen. Wir sind bestrebt, die Bed\u00fcrfnisse und Interessen unserer Kunden nachhaltig zu erf\u00fcllen. Wir f\u00f6rdern den Geist der Zusammenarbeit und konzentrieren uns auf lokale Beziehungen.<\/p><p dir=\"ltr\">Unsere St\u00e4rke ist es, aus Ungewissheit, Komplexit\u00e4t und Mehrdeutigkeit einen Sinn zu machen. Wir sind die Partner, die Sie brauchen, um die Zukunft Ihres Unternehmens zu unterst\u00fctzen.<\/p>\t\t\t\t\t\t\t\t<\/div>\n\t\t\t\t<\/div>\n\t\t\t\t<div class=\"elementor-element elementor-element-47b2d08 elementor-hidden-desktop elementor-hidden-tablet elementor-widget elementor-widget-image\" data-id=\"47b2d08\" data-element_type=\"widget\" data-e-type=\"widget\" data-widget_type=\"image.default\">\n\t\t\t\t<div class=\"elementor-widget-container\">\n\t\t\t\t\t\t\t\t\t\t\t\t\t\t\t<img loading=\"lazy\" decoding=\"async\" width=\"466\" height=\"419\" src=\"https:\/\/tgs-france.com\/wp-content\/uploads\/2022\/03\/Group-61.png\" class=\"attachment-large size-large wp-image-2307\" alt=\"\" srcset=\"https:\/\/tgs-france.com\/wp-content\/uploads\/2022\/03\/Group-61.png 466w, https:\/\/tgs-france.com\/wp-content\/uploads\/2022\/03\/Group-61-300x270.png 300w, https:\/\/tgs-france.com\/wp-content\/uploads\/2022\/03\/Group-61-13x12.png 13w\" sizes=\"(max-width: 466px) 100vw, 466px\" \/>\t\t\t\t\t\t\t\t\t\t\t\t\t\t\t<\/div>\n\t\t\t\t<\/div>\n\t\t\t\t\t<\/div>\n\t\t<\/div>\n\t\t\t\t\t<\/div>\n\t\t<\/section>\n\t\t\t\t\t<\/div>\n\t\t<\/div>\n\t\t\t\t\t<\/div>\n\t\t<\/section>\n\t\t\t\t<section class=\"has_ae_slider elementor-section elementor-top-section elementor-element elementor-element-d57b1e6 elementor-section-boxed elementor-section-height-default elementor-section-height-default ae-bg-gallery-type-default\" data-id=\"d57b1e6\" data-element_type=\"section\" data-e-type=\"section\">\n\t\t\t\t\t\t<div class=\"elementor-container elementor-column-gap-default\">\n\t\t\t\t\t<div class=\"has_ae_slider elementor-column elementor-col-50 elementor-top-column elementor-element elementor-element-5593d7e ae-bg-gallery-type-default\" data-id=\"5593d7e\" data-element_type=\"column\" data-e-type=\"column\">\n\t\t\t<div class=\"elementor-widget-wrap elementor-element-populated\">\n\t\t\t\t\t\t<div class=\"elementor-element elementor-element-9b1a9e3 elementor-widget elementor-widget-heading\" data-id=\"9b1a9e3\" data-element_type=\"widget\" data-e-type=\"widget\" data-widget_type=\"heading.default\">\n\t\t\t\t<div class=\"elementor-widget-container\">\n\t\t\t\t\t<h2 class=\"elementor-heading-title elementor-size-default\">Unser Engagement<\/h2>\t\t\t\t<\/div>\n\t\t\t\t<\/div>\n\t\t\t\t<div class=\"elementor-element elementor-element-c19bcab elementor-widget elementor-widget-text-editor\" data-id=\"c19bcab\" data-element_type=\"widget\" data-e-type=\"widget\" data-widget_type=\"text-editor.default\">\n\t\t\t\t<div class=\"elementor-widget-container\">\n\t\t\t\t\t\t\t\t\t<p dir=\"ltr\">Nachhaltigkeit steht im Mittelpunkt unseres Handelns. TGS\" sind nicht die Initialen von toten, wei\u00dfen, m\u00e4nnlichen Buchhaltern. TGS steht f\u00fcr<em>Global denken - Nachhaltigkeit<\/em>'.<\/p><p dir=\"ltr\">Qualit\u00e4t steht im Mittelpunkt unserer Prozesse, und unsere Kunden profitieren von unseren globalen Richtlinien zu Pr\u00fcfung, Ethik und Unabh\u00e4ngigkeit. Wir pflegen transparente Beziehungen zu unseren Kunden und arbeiten mit Integrit\u00e4t und Verantwortungsbewusstsein.<\/p><p dir=\"ltr\">Wir verpflichten uns zur Umsetzung verantwortungsvoller Gesch\u00e4ftspraktiken und zur Entwicklung von L\u00f6sungen, die eine positive Wirkung haben. Wir unterst\u00fctzen die zehn Prinzipien des Global Compact in den Bereichen Menschenrechte, Arbeit, Umwelt und Korruptionsbek\u00e4mpfung.<\/p><p dir=\"ltr\">TGS-Kultur, -Strategien und -Arbeitsabl\u00e4ufe sind auf die universellen Prinzipien der nachhaltigen Entwicklung ausgerichtet.<\/p>\t\t\t\t\t\t\t\t<\/div>\n\t\t\t\t<\/div>\n\t\t\t\t\t<\/div>\n\t\t<\/div>\n\t\t\t\t<div class=\"has_ae_slider elementor-column elementor-col-50 elementor-top-column elementor-element elementor-element-1c8c1ab ae-bg-gallery-type-default\" data-id=\"1c8c1ab\" data-element_type=\"column\" data-e-type=\"column\">\n\t\t\t<div class=\"elementor-widget-wrap elementor-element-populated\">\n\t\t\t\t\t\t<div class=\"elementor-element elementor-element-58ea233 elementor-widget elementor-widget-image\" data-id=\"58ea233\" data-element_type=\"widget\" data-e-type=\"widget\" data-widget_type=\"image.default\">\n\t\t\t\t<div class=\"elementor-widget-container\">\n\t\t\t\t\t\t\t\t\t\t\t\t\t\t\t<img loading=\"lazy\" decoding=\"async\" width=\"800\" height=\"692\" src=\"https:\/\/tgs-france.com\/wp-content\/uploads\/2022\/03\/Group-65-1024x886.png\" class=\"attachment-large size-large wp-image-2309\" alt=\"\" srcset=\"https:\/\/tgs-france.com\/wp-content\/uploads\/2022\/03\/Group-65-1024x886.png 1024w, https:\/\/tgs-france.com\/wp-content\/uploads\/2022\/03\/Group-65-300x260.png 300w, https:\/\/tgs-france.com\/wp-content\/uploads\/2022\/03\/Group-65-768x664.png 768w, https:\/\/tgs-france.com\/wp-content\/uploads\/2022\/03\/Group-65-14x12.png 14w, https:\/\/tgs-france.com\/wp-content\/uploads\/2022\/03\/Group-65.png 1424w\" sizes=\"(max-width: 800px) 100vw, 800px\" \/>\t\t\t\t\t\t\t\t\t\t\t\t\t\t\t<\/div>\n\t\t\t\t<\/div>\n\t\t\t\t\t<\/div>\n\t\t<\/div>\n\t\t\t\t\t<\/div>\n\t\t<\/section>\n\t\t\t\t<\/div>","protected":false},"excerpt":{"rendered":"<p>Our Values We choose to be a member of the TGS international network because we support their values.\u00a0 TGS is a global business network of independent firms providing audit, accounting, advisory, tax and legal services. We can operate everywhere in the world thanks to our membership in the TGS network. We have access to all [&hellip;]<\/p>\n","protected":false},"author":2,"featured_media":0,"parent":0,"menu_order":0,"comment_status":"closed","ping_status":"closed","template":"","meta":{"_acf_changed":false,"footnotes":""},"class_list":["post-340","page","type-page","status-publish","hentry"],"acf":[],"_links":{"self":[{"href":"https:\/\/tgs-france.com\/de\/wp-json\/wp\/v2\/pages\/340","targetHints":{"allow":["GET"]}}],"collection":[{"href":"https:\/\/tgs-france.com\/de\/wp-json\/wp\/v2\/pages"}],"about":[{"href":"https:\/\/tgs-france.com\/de\/wp-json\/wp\/v2\/types\/page"}],"author":[{"embeddable":true,"href":"https:\/\/tgs-france.com\/de\/wp-json\/wp\/v2\/users\/2"}],"replies":[{"embeddable":true,"href":"https:\/\/tgs-france.com\/de\/wp-json\/wp\/v2\/comments?post=340"}],"version-history":[{"count":37,"href":"https:\/\/tgs-france.com\/de\/wp-json\/wp\/v2\/pages\/340\/revisions"}],"predecessor-version":[{"id":3000,"href":"https:\/\/tgs-france.com\/de\/wp-json\/wp\/v2\/pages\/340\/revisions\/3000"}],"wp:attachment":[{"href":"https:\/\/tgs-france.com\/de\/wp-json\/wp\/v2\/media?parent=340"}],"curies":[{"name":"wp","href":"https:\/\/api.w.org\/{rel}","templated":true}]}}