{"id":12,"date":"2021-09-19T06:50:43","date_gmt":"2021-09-19T06:50:43","guid":{"rendered":"https:\/\/audreym15.sg-host.com\/?page_id=12"},"modified":"2022-11-10T10:10:21","modified_gmt":"2022-11-10T10:10:21","slug":"news","status":"publish","type":"page","link":"https:\/\/tgs-france.com\/de\/news\/","title":{"rendered":"Nachrichten"},"content":{"rendered":"<div data-elementor-type=\"wp-page\" data-elementor-id=\"12\" class=\"elementor elementor-12\" data-elementor-post-type=\"page\">\n\t\t\t\t\t\t<section class=\"has_ae_slider elementor-section elementor-top-section elementor-element elementor-element-b380441 elementor-section-boxed elementor-section-height-default elementor-section-height-default ae-bg-gallery-type-default\" data-id=\"b380441\" data-element_type=\"section\" data-e-type=\"section\" data-settings=\"{&quot;background_background&quot;:&quot;classic&quot;}\">\n\t\t\t\t\t\t<div class=\"elementor-container elementor-column-gap-default\">\n\t\t\t\t\t<div class=\"has_ae_slider elementor-column elementor-col-100 elementor-top-column elementor-element elementor-element-d8fbe4d ae-bg-gallery-type-default\" data-id=\"d8fbe4d\" data-element_type=\"column\" data-e-type=\"column\">\n\t\t\t<div class=\"elementor-widget-wrap elementor-element-populated\">\n\t\t\t\t\t\t<div class=\"elementor-element elementor-element-2000caf elementor-widget elementor-widget-heading\" data-id=\"2000caf\" data-element_type=\"widget\" data-e-type=\"widget\" data-widget_type=\"heading.default\">\n\t\t\t\t<div class=\"elementor-widget-container\">\n\t\t\t\t\t<h2 class=\"elementor-heading-title elementor-size-default\">Nachrichten<\/h2>\t\t\t\t<\/div>\n\t\t\t\t<\/div>\n\t\t\t\t<div class=\"elementor-element elementor-element-b4c4b61 elementor-widget elementor-widget-wp-widget-search_filter_register_widget\" data-id=\"b4c4b61\" data-element_type=\"widget\" data-e-type=\"widget\" data-widget_type=\"wp-widget-search_filter_register_widget.default\">\n\t\t\t\t<div class=\"elementor-widget-container\">\n\t\t\t\t\t<style>.elementor-element-b4c4b61{display:none !important}<\/style>\t\t\t\t<\/div>\n\t\t\t\t<\/div>\n\t\t\t\t<div class=\"elementor-element elementor-element-767b976 elementor-widget elementor-widget-wp-widget-search_filter_register_widget\" data-id=\"767b976\" data-element_type=\"widget\" data-e-type=\"widget\" data-widget_type=\"wp-widget-search_filter_register_widget.default\">\n\t\t\t\t<div class=\"elementor-widget-container\">\n\t\t\t\t\t<style>.elementor-element-767b976{display:none !important}<\/style>\t\t\t\t<\/div>\n\t\t\t\t<\/div>\n\t\t\t\t<div class=\"elementor-element elementor-element-bef0e01 elementor-widget elementor-widget-wp-widget-search_filter_register_widget\" data-id=\"bef0e01\" data-element_type=\"widget\" data-e-type=\"widget\" data-widget_type=\"wp-widget-search_filter_register_widget.default\">\n\t\t\t\t<div class=\"elementor-widget-container\">\n\t\t\t\t\t<form data-sf-form-id='2897' data-is-rtl='0' data-maintain-state='' data-results-url='https:\/\/3d2wuwbvcbw.preview.infomaniak.website\/de\/news\/' data-ajax-url='https:\/\/3d2wuwbvcbw.preview.infomaniak.website\/de\/news\/?sf_data=results' data-ajax-form-url='https:\/\/tgs-france.com\/de\/?sfid=2897&amp;sf_action=get_data&amp;sf_data=form' data-display-result-method='elementor_posts_element' data-use-history-api='1' data-template-loaded='0' data-lang-code='de' data-ajax='1' data-ajax-data-type='html' data-ajax-links-selector='.search-filter-results-2897 a.page-numbers' data-ajax-target='.search-filter-results-2897' data-ajax-pagination-type='normal' data-update-ajax-url='1' data-only-results-ajax='1' data-scroll-to-pos='0' data-init-paged='1' data-auto-update='1' action='https:\/\/3d2wuwbvcbw.preview.infomaniak.website\/de\/news\/' method='post' class='searchandfilter' id='search-filter-form-2897' autocomplete='off' data-instance-count='1'><ul><li class=\"sf-field-search\" data-sf-field-name=\"search\" data-sf-field-type=\"search\" data-sf-field-input-type=\"\">\t\t<label>\n\t\t\t\t   <input placeholder=\"Suche ...\" name=\"_sf_search[]\" class=\"sf-input-text\" type=\"text\" value=\"\" title=\"\"><\/label>\t\t<\/li><li class=\"sf-field-taxonomy-sector_category\" data-sf-field-name=\"_sft_sector_category\" data-sf-field-type=\"taxonomy\" data-sf-field-input-type=\"radio\">\t\t<ul class=\"\">\n\t\t\t\t\t  <li class=\"sf-level-0 sf-item-0 sf-option-active\" data-sf-count=\"0\" data-sf-depth=\"0\"><input  class=\"sf-input-radio\" type=\"radio\" value=\"\" name=\"_sft_sector_category[]\" checked=\"checked\" id=\"sf-input-0f0c1c0d5e9850e716bb1ec0665f5e0c\"><label class=\"sf-label-radio\" for=\"sf-input-0f0c1c0d5e9850e716bb1ec0665f5e0c\">Alle Sektoren<\/label><\/li><li class=\"sf-level-0 sf-item-58\" data-sf-count=\"1\" data-sf-depth=\"0\"><input  class=\"sf-input-radio\" type=\"radio\" value=\"construction\" name=\"_sft_sector_category[]\" id=\"sf-input-58916b2ddc98e81247265decfbba70a0\"><label class=\"sf-label-radio\" for=\"sf-input-58916b2ddc98e81247265decfbba70a0\">Bauwesen<\/label><\/li><li class=\"sf-level-0 sf-item-40\" data-sf-count=\"1\" data-sf-depth=\"0\"><input  class=\"sf-input-radio\" type=\"radio\" value=\"energy\" name=\"_sft_sector_category[]\" id=\"sf-input-c6bbf2fe8c36e7a8c8cc2cecc00578b6\"><label class=\"sf-label-radio\" for=\"sf-input-c6bbf2fe8c36e7a8c8cc2cecc00578b6\">Energie - Elektrizit\u00e4t \u00d6l Gas<\/label><\/li><li class=\"sf-level-0 sf-item-57\" data-sf-count=\"1\" data-sf-depth=\"0\"><input  class=\"sf-input-radio\" type=\"radio\" value=\"financial-services\" name=\"_sft_sector_category[]\" id=\"sf-input-fcad9b8d3308c00e1467d6a1faffd284\"><label class=\"sf-label-radio\" for=\"sf-input-fcad9b8d3308c00e1467d6a1faffd284\">Finanz- und Versicherungst\u00e4tigkeiten<\/label><\/li><li class=\"sf-level-0 sf-item-63\" data-sf-count=\"1\" data-sf-depth=\"0\"><input  class=\"sf-input-radio\" type=\"radio\" value=\"food-drink\" name=\"_sft_sector_category[]\" id=\"sf-input-fcb84b5c4508e02472b83e326d598571\"><label class=\"sf-label-radio\" for=\"sf-input-fcb84b5c4508e02472b83e326d598571\">Essen &amp; Trinken<\/label><\/li><li class=\"sf-level-0 sf-item-44\" data-sf-count=\"1\" data-sf-depth=\"0\"><input  class=\"sf-input-radio\" type=\"radio\" value=\"public-sector\" name=\"_sft_sector_category[]\" id=\"sf-input-4d1f4d3c24b9140baefd82615681b43d\"><label class=\"sf-label-radio\" for=\"sf-input-4d1f4d3c24b9140baefd82615681b43d\">\u00d6ffentlicher Sektor<\/label><\/li><li class=\"sf-level-0 sf-item-59\" data-sf-count=\"1\" data-sf-depth=\"0\"><input  class=\"sf-input-radio\" type=\"radio\" value=\"retail\" name=\"_sft_sector_category[]\" id=\"sf-input-6dd471c289c77605a024c4a7edf9641f\"><label class=\"sf-label-radio\" for=\"sf-input-6dd471c289c77605a024c4a7edf9641f\">Einzel- und Gro\u00dfhandel<\/label><\/li><li class=\"sf-level-0 sf-item-60\" data-sf-count=\"1\" data-sf-depth=\"0\"><input  class=\"sf-input-radio\" type=\"radio\" value=\"leisure-and-tourism\" name=\"_sft_sector_category[]\" id=\"sf-input-40f98c14ded1b85b76731006f3d7ed8b\"><label class=\"sf-label-radio\" for=\"sf-input-40f98c14ded1b85b76731006f3d7ed8b\">Tourismus, Gastgewerbe und Freizeit<\/label><\/li>\t\t<\/ul>\n\t\t<\/li><li class=\"sf-field-taxonomy-cutomer_journey\" data-sf-field-name=\"_sft_cutomer_journey\" data-sf-field-type=\"taxonomy\" data-sf-field-input-type=\"radio\">\t\t<ul class=\"\">\n\t\t\t\t\t  <li class=\"sf-level-0 sf-item-0 sf-option-active\" data-sf-count=\"0\" data-sf-depth=\"0\"><input  class=\"sf-input-radio\" type=\"radio\" value=\"\" name=\"_sft_cutomer_journey[]\" checked=\"checked\" id=\"sf-input-c58e7804fb88ba711a14b9d8ec63c262\"><label class=\"sf-label-radio\" for=\"sf-input-c58e7804fb88ba711a14b9d8ec63c262\">Alle Stufen<\/label><\/li><li class=\"sf-level-0 sf-item-37\" data-sf-count=\"1\" data-sf-depth=\"0\"><input  class=\"sf-input-radio\" type=\"radio\" value=\"creation\" name=\"_sft_cutomer_journey[]\" id=\"sf-input-16f888ee3a8fe7c07bd04f46def01da7\"><label class=\"sf-label-radio\" for=\"sf-input-16f888ee3a8fe7c07bd04f46def01da7\">Erstellung<\/label><\/li><li class=\"sf-level-0 sf-item-38\" data-sf-count=\"1\" data-sf-depth=\"0\"><input  class=\"sf-input-radio\" type=\"radio\" value=\"development\" name=\"_sft_cutomer_journey[]\" id=\"sf-input-2fec1aca8e87acffbc0308e8a329f562\"><label class=\"sf-label-radio\" for=\"sf-input-2fec1aca8e87acffbc0308e8a329f562\">Entwicklung<\/label><\/li><li class=\"sf-level-0 sf-item-39\" data-sf-count=\"1\" data-sf-depth=\"0\"><input  class=\"sf-input-radio\" type=\"radio\" value=\"transmission\" name=\"_sft_cutomer_journey[]\" id=\"sf-input-d0618b876caeaa6c1966d419e4fcd04a\"><label class=\"sf-label-radio\" for=\"sf-input-d0618b876caeaa6c1966d419e4fcd04a\">\u00dcbertragung<\/label><\/li>\t\t<\/ul>\n\t\t<\/li><\/ul><\/form>\t\t\t\t<\/div>\n\t\t\t\t<\/div>\n\t\t\t\t<div class=\"search-filter-results-1344 elementor-element elementor-element-57bed0d ae-post-layout-grid elementor-widget elementor-widget-ae-post-blocks\" data-id=\"57bed0d\" data-element_type=\"widget\" data-e-type=\"widget\" data-settings=\"{&quot;columns&quot;:3,&quot;columns_tablet&quot;:&quot;2&quot;,&quot;columns_mobile&quot;:&quot;1&quot;}\" data-widget_type=\"ae-post-blocks.default\">\n\t\t\t\t<div class=\"elementor-widget-container\">\n\t\t\t\t\t<style>.elementor-element-57bed0d{display:none !important}<\/style>\t\t\t\t<\/div>\n\t\t\t\t<\/div>\n\t\t\t\t<div class=\"search-filter-results-2896 elementor-element elementor-element-caf20d9 ae-post-layout-grid elementor-widget elementor-widget-ae-post-blocks\" data-id=\"caf20d9\" data-element_type=\"widget\" data-e-type=\"widget\" data-settings=\"{&quot;columns&quot;:3,&quot;columns_tablet&quot;:&quot;2&quot;,&quot;columns_mobile&quot;:&quot;1&quot;}\" data-widget_type=\"ae-post-blocks.default\">\n\t\t\t\t<div class=\"elementor-widget-container\">\n\t\t\t\t\t<style>.elementor-element-caf20d9{display:none !important}<\/style>\t\t\t\t<\/div>\n\t\t\t\t<\/div>\n\t\t\t\t<div class=\"search-filter-results-2897 elementor-element elementor-element-5bd2379 ae-post-layout-grid elementor-widget elementor-widget-ae-post-blocks\" data-id=\"5bd2379\" data-element_type=\"widget\" data-e-type=\"widget\" data-settings=\"{&quot;columns&quot;:3,&quot;columns_tablet&quot;:&quot;2&quot;,&quot;columns_mobile&quot;:&quot;1&quot;}\" data-widget_type=\"ae-post-blocks.default\">\n\t\t\t\t<div class=\"elementor-widget-container\">\n\t\t\t\t\t\t\t\t\t\t<div class=\"ae-post-overlay\">\n\t\t\t\t<div class=\"ae-post-overlay-wrapper\">\n\t\t\t\t\t<div class=\"ae-post-overlay-icon\">\n\t\t\t\t\t\t<i aria-hidden=\"true\" class=\"fa fa-sync\"><\/i>\t\t\t\t\t<\/div>\n\t\t\t\t\t<div class=\"ae-post-overlay-text\">\n\t\t\t\t\t\tLaden...\t\t\t\t\t<\/div>\n\t\t\t\t<\/div>\n\t\t\t<\/div>\n\t\t\n\t\t\t\t\t\t\t\t<div data-pid=\"12\" data-wid=\"5bd2379\" data-source=\"search_filter_query\" class=\"ae-post-widget-wrapper ae-masonry- ae-hpos- ae-vpos-\" data-disable_scroll_on_ajax_load=\"no\" data-pagination_scroll_top_offset=\"0\">\n\t\t\n\t\t\t\t<div class=\"ae-post-list-wrapper\">\n\t\t\t\n\t\t<article class=\"ae-post-list-item ae-post-list-item-5bd2379\">\n\t\t\t<div class=\"ae-article-inner\">\n\t\t\t\t\t\t\t\t<div class=\"ae_data elementor elementor-524\">\n\t\t\t\t\t\t\t\t\t\t\t<div data-elementor-type=\"wp-post\" data-elementor-id=\"524\" class=\"elementor elementor-524\" data-elementor-post-type=\"ae_global_templates\">\n\t\t\t\t\t\t<section data-ae-url=\"https:\/\/tgs-france.com\/de\/blog\/business-transmission-project\/\" class=\"has_ae_slider elementor-section elementor-top-section elementor-element elementor-element-e7cd7e2 ae-link-yes elementor-section-boxed elementor-section-height-default elementor-section-height-default ae-bg-gallery-type-default\" data-id=\"e7cd7e2\" data-element_type=\"section\" data-e-type=\"section\" data-settings=\"{&quot;background_background&quot;:&quot;classic&quot;}\">\n\t\t\t\t\t\t<div class=\"elementor-container elementor-column-gap-default\">\n\t\t\t\t\t<div class=\"has_ae_slider elementor-column elementor-col-100 elementor-top-column elementor-element elementor-element-5285b9a ae-bg-gallery-type-default\" data-id=\"5285b9a\" data-element_type=\"column\" data-e-type=\"column\">\n\t\t\t<div class=\"elementor-widget-wrap elementor-element-populated\">\n\t\t\t\t\t\t<div class=\"elementor-element elementor-element-259250f elementor-widget elementor-widget-image\" data-id=\"259250f\" data-element_type=\"widget\" data-e-type=\"widget\" data-widget_type=\"image.default\">\n\t\t\t\t<div class=\"elementor-widget-container\">\n\t\t\t\t\t\t\t\t\t\t\t\t\t\t\t<img fetchpriority=\"high\" decoding=\"async\" width=\"2560\" height=\"1707\" src=\"https:\/\/tgs-france.com\/wp-content\/uploads\/2022\/02\/Img15-scaled.jpg\" class=\"attachment-full size-full wp-image-2835\" alt=\"\" srcset=\"https:\/\/tgs-france.com\/wp-content\/uploads\/2022\/02\/Img15-scaled.jpg 2560w, https:\/\/tgs-france.com\/wp-content\/uploads\/2022\/02\/Img15-300x200.jpg 300w, https:\/\/tgs-france.com\/wp-content\/uploads\/2022\/02\/Img15-1024x683.jpg 1024w, https:\/\/tgs-france.com\/wp-content\/uploads\/2022\/02\/Img15-768x512.jpg 768w, https:\/\/tgs-france.com\/wp-content\/uploads\/2022\/02\/Img15-1536x1024.jpg 1536w, https:\/\/tgs-france.com\/wp-content\/uploads\/2022\/02\/Img15-2048x1365.jpg 2048w\" sizes=\"(max-width: 2560px) 100vw, 2560px\" \/>\t\t\t\t\t\t\t\t\t\t\t\t\t\t\t<\/div>\n\t\t\t\t<\/div>\n\t\t\t\t<div class=\"elementor-element elementor-element-6302933 elementor-widget elementor-widget-text-editor\" data-id=\"6302933\" data-element_type=\"widget\" data-e-type=\"widget\" data-widget_type=\"text-editor.default\">\n\t\t\t\t<div class=\"elementor-widget-container\">\n\t\t\t\t\t\t\t\t\tFebruar 12, 2022\t\t\t\t\t\t\t\t<\/div>\n\t\t\t\t<\/div>\n\t\t\t\t<div class=\"elementor-element elementor-element-8089d72 elementor-widget elementor-widget-heading\" data-id=\"8089d72\" data-element_type=\"widget\" data-e-type=\"widget\" data-widget_type=\"heading.default\">\n\t\t\t\t<div class=\"elementor-widget-container\">\n\t\t\t\t\t<h2 class=\"elementor-heading-title elementor-size-default\">\u00dcbertragung<\/h2>\t\t\t\t<\/div>\n\t\t\t\t<\/div>\n\t\t\t\t<div class=\"elementor-element elementor-element-21b6358 elementor-widget elementor-widget-text-editor\" data-id=\"21b6358\" data-element_type=\"widget\" data-e-type=\"widget\" data-widget_type=\"text-editor.default\">\n\t\t\t\t<div class=\"elementor-widget-container\">\n\t\t\t\t\t\t\t\t\tDer Verkauf Ihres Unternehmens ist mit vielen Fragen verbunden. Wie werden Sie die Besteuerung des Verkaufs optimieren?\t\t\t\t\t\t\t\t<\/div>\n\t\t\t\t<\/div>\n\t\t\t\t<div class=\"elementor-element elementor-element-b1c188e elementor-align-left elementor-widget elementor-widget-button\" data-id=\"b1c188e\" data-element_type=\"widget\" data-e-type=\"widget\" data-widget_type=\"button.default\">\n\t\t\t\t<div class=\"elementor-widget-container\">\n\t\t\t\t\t\t\t\t\t<div class=\"elementor-button-wrapper\">\n\t\t\t\t\t<a class=\"elementor-button elementor-button-link elementor-size-xl\" href=\"https:\/\/tgs-france.com\/de\/blog\/business-transmission-project\/\">\n\t\t\t\t\t\t<span class=\"elementor-button-content-wrapper\">\n\t\t\t\t\t\t\t\t\t<span class=\"elementor-button-text\">READ MORE<\/span>\n\t\t\t\t\t<\/span>\n\t\t\t\t\t<\/a>\n\t\t\t\t<\/div>\n\t\t\t\t\t\t\t\t<\/div>\n\t\t\t\t<\/div>\n\t\t\t\t\t<\/div>\n\t\t<\/div>\n\t\t\t\t\t<\/div>\n\t\t<\/section>\n\t\t\t\t<\/div>\n\t\t\t\t\t\t\t\t\t\t<\/div>\n\t\t\t\t\t\t\t<\/div>\n\t\t<\/article>\n\n\t\t\n\t\t<article class=\"ae-post-list-item ae-post-list-item-5bd2379\">\n\t\t\t<div class=\"ae-article-inner\">\n\t\t\t\t\t\t\t\t<div class=\"ae_data elementor elementor-524\">\n\t\t\t\t\t\t\t\t\t\t\t<div data-elementor-type=\"wp-post\" data-elementor-id=\"524\" class=\"elementor elementor-524\" data-elementor-post-type=\"ae_global_templates\">\n\t\t\t\t\t\t<section data-ae-url=\"https:\/\/tgs-france.com\/de\/blog\/no-audit\/\" class=\"has_ae_slider elementor-section elementor-top-section elementor-element elementor-element-e7cd7e2 ae-link-yes elementor-section-boxed elementor-section-height-default elementor-section-height-default ae-bg-gallery-type-default\" data-id=\"e7cd7e2\" data-element_type=\"section\" data-e-type=\"section\" data-settings=\"{&quot;background_background&quot;:&quot;classic&quot;}\">\n\t\t\t\t\t\t<div class=\"elementor-container elementor-column-gap-default\">\n\t\t\t\t\t<div class=\"has_ae_slider elementor-column elementor-col-100 elementor-top-column elementor-element elementor-element-5285b9a ae-bg-gallery-type-default\" data-id=\"5285b9a\" data-element_type=\"column\" data-e-type=\"column\">\n\t\t\t<div class=\"elementor-widget-wrap elementor-element-populated\">\n\t\t\t\t\t\t<div class=\"elementor-element elementor-element-259250f elementor-widget elementor-widget-image\" data-id=\"259250f\" data-element_type=\"widget\" data-e-type=\"widget\" data-widget_type=\"image.default\">\n\t\t\t\t<div class=\"elementor-widget-container\">\n\t\t\t\t\t\t\t\t\t\t\t\t\t\t\t<img decoding=\"async\" width=\"2560\" height=\"1707\" src=\"https:\/\/tgs-france.com\/wp-content\/uploads\/2022\/02\/Img4-scaled.jpg\" class=\"attachment-full size-full wp-image-2833\" alt=\"\" srcset=\"https:\/\/tgs-france.com\/wp-content\/uploads\/2022\/02\/Img4-scaled.jpg 2560w, https:\/\/tgs-france.com\/wp-content\/uploads\/2022\/02\/Img4-300x200.jpg 300w, https:\/\/tgs-france.com\/wp-content\/uploads\/2022\/02\/Img4-1024x683.jpg 1024w, https:\/\/tgs-france.com\/wp-content\/uploads\/2022\/02\/Img4-768x512.jpg 768w, https:\/\/tgs-france.com\/wp-content\/uploads\/2022\/02\/Img4-1536x1024.jpg 1536w, https:\/\/tgs-france.com\/wp-content\/uploads\/2022\/02\/Img4-2048x1365.jpg 2048w\" sizes=\"(max-width: 2560px) 100vw, 2560px\" \/>\t\t\t\t\t\t\t\t\t\t\t\t\t\t\t<\/div>\n\t\t\t\t<\/div>\n\t\t\t\t<div class=\"elementor-element elementor-element-6302933 elementor-widget elementor-widget-text-editor\" data-id=\"6302933\" data-element_type=\"widget\" data-e-type=\"widget\" data-widget_type=\"text-editor.default\">\n\t\t\t\t<div class=\"elementor-widget-container\">\n\t\t\t\t\t\t\t\t\tFebruar 12, 2022\t\t\t\t\t\t\t\t<\/div>\n\t\t\t\t<\/div>\n\t\t\t\t<div class=\"elementor-element elementor-element-8089d72 elementor-widget elementor-widget-heading\" data-id=\"8089d72\" data-element_type=\"widget\" data-e-type=\"widget\" data-widget_type=\"heading.default\">\n\t\t\t\t<div class=\"elementor-widget-container\">\n\t\t\t\t\t<h2 class=\"elementor-heading-title elementor-size-default\">Erstellung<\/h2>\t\t\t\t<\/div>\n\t\t\t\t<\/div>\n\t\t\t\t<div class=\"elementor-element elementor-element-21b6358 elementor-widget elementor-widget-text-editor\" data-id=\"21b6358\" data-element_type=\"widget\" data-e-type=\"widget\" data-widget_type=\"text-editor.default\">\n\t\t\t\t<div class=\"elementor-widget-container\">\n\t\t\t\t\t\t\t\t\tWar Ihre Motivation, ein Unternehmen zu gr\u00fcnden, mit Ihrem Lebensprojekt verbunden? \t\t\t\t\t\t\t\t<\/div>\n\t\t\t\t<\/div>\n\t\t\t\t<div class=\"elementor-element elementor-element-b1c188e elementor-align-left elementor-widget elementor-widget-button\" data-id=\"b1c188e\" data-element_type=\"widget\" data-e-type=\"widget\" data-widget_type=\"button.default\">\n\t\t\t\t<div class=\"elementor-widget-container\">\n\t\t\t\t\t\t\t\t\t<div class=\"elementor-button-wrapper\">\n\t\t\t\t\t<a class=\"elementor-button elementor-button-link elementor-size-xl\" href=\"https:\/\/tgs-france.com\/de\/blog\/no-audit\/\">\n\t\t\t\t\t\t<span class=\"elementor-button-content-wrapper\">\n\t\t\t\t\t\t\t\t\t<span class=\"elementor-button-text\">READ MORE<\/span>\n\t\t\t\t\t<\/span>\n\t\t\t\t\t<\/a>\n\t\t\t\t<\/div>\n\t\t\t\t\t\t\t\t<\/div>\n\t\t\t\t<\/div>\n\t\t\t\t\t<\/div>\n\t\t<\/div>\n\t\t\t\t\t<\/div>\n\t\t<\/section>\n\t\t\t\t<\/div>\n\t\t\t\t\t\t\t\t\t\t<\/div>\n\t\t\t\t\t\t\t<\/div>\n\t\t<\/article>\n\n\t\t\n\t\t<article class=\"ae-post-list-item ae-post-list-item-5bd2379\">\n\t\t\t<div class=\"ae-article-inner\">\n\t\t\t\t\t\t\t\t<div class=\"ae_data elementor elementor-524\">\n\t\t\t\t\t\t\t\t\t\t\t<div data-elementor-type=\"wp-post\" data-elementor-id=\"524\" class=\"elementor elementor-524\" data-elementor-post-type=\"ae_global_templates\">\n\t\t\t\t\t\t<section data-ae-url=\"https:\/\/tgs-france.com\/de\/blog\/teste-blog-post\/\" class=\"has_ae_slider elementor-section elementor-top-section elementor-element elementor-element-e7cd7e2 ae-link-yes elementor-section-boxed elementor-section-height-default elementor-section-height-default ae-bg-gallery-type-default\" data-id=\"e7cd7e2\" data-element_type=\"section\" data-e-type=\"section\" data-settings=\"{&quot;background_background&quot;:&quot;classic&quot;}\">\n\t\t\t\t\t\t<div class=\"elementor-container elementor-column-gap-default\">\n\t\t\t\t\t<div class=\"has_ae_slider elementor-column elementor-col-100 elementor-top-column elementor-element elementor-element-5285b9a ae-bg-gallery-type-default\" data-id=\"5285b9a\" data-element_type=\"column\" data-e-type=\"column\">\n\t\t\t<div class=\"elementor-widget-wrap elementor-element-populated\">\n\t\t\t\t\t\t<div class=\"elementor-element elementor-element-259250f elementor-widget elementor-widget-image\" data-id=\"259250f\" data-element_type=\"widget\" data-e-type=\"widget\" data-widget_type=\"image.default\">\n\t\t\t\t<div class=\"elementor-widget-container\">\n\t\t\t\t\t\t\t\t\t\t\t\t\t\t\t<img decoding=\"async\" width=\"2560\" height=\"1709\" src=\"https:\/\/tgs-france.com\/wp-content\/uploads\/2022\/02\/Img1-scaled.jpg\" class=\"attachment-full size-full wp-image-2834\" alt=\"\" srcset=\"https:\/\/tgs-france.com\/wp-content\/uploads\/2022\/02\/Img1-scaled.jpg 2560w, https:\/\/tgs-france.com\/wp-content\/uploads\/2022\/02\/Img1-300x200.jpg 300w, https:\/\/tgs-france.com\/wp-content\/uploads\/2022\/02\/Img1-1024x683.jpg 1024w, https:\/\/tgs-france.com\/wp-content\/uploads\/2022\/02\/Img1-768x513.jpg 768w, https:\/\/tgs-france.com\/wp-content\/uploads\/2022\/02\/Img1-1536x1025.jpg 1536w, https:\/\/tgs-france.com\/wp-content\/uploads\/2022\/02\/Img1-2048x1367.jpg 2048w\" sizes=\"(max-width: 2560px) 100vw, 2560px\" \/>\t\t\t\t\t\t\t\t\t\t\t\t\t\t\t<\/div>\n\t\t\t\t<\/div>\n\t\t\t\t<div class=\"elementor-element elementor-element-6302933 elementor-widget elementor-widget-text-editor\" data-id=\"6302933\" data-element_type=\"widget\" data-e-type=\"widget\" data-widget_type=\"text-editor.default\">\n\t\t\t\t<div class=\"elementor-widget-container\">\n\t\t\t\t\t\t\t\t\tFebruar 12, 2022\t\t\t\t\t\t\t\t<\/div>\n\t\t\t\t<\/div>\n\t\t\t\t<div class=\"elementor-element elementor-element-8089d72 elementor-widget elementor-widget-heading\" data-id=\"8089d72\" data-element_type=\"widget\" data-e-type=\"widget\" data-widget_type=\"heading.default\">\n\t\t\t\t<div class=\"elementor-widget-container\">\n\t\t\t\t\t<h2 class=\"elementor-heading-title elementor-size-default\">Entwicklung<\/h2>\t\t\t\t<\/div>\n\t\t\t\t<\/div>\n\t\t\t\t<div class=\"elementor-element elementor-element-21b6358 elementor-widget elementor-widget-text-editor\" data-id=\"21b6358\" data-element_type=\"widget\" data-e-type=\"widget\" data-widget_type=\"text-editor.default\">\n\t\t\t\t<div class=\"elementor-widget-container\">\n\t\t\t\t\t\t\t\t\tSie brauchen eine globale Perspektive f\u00fcr Ihre T\u00e4tigkeit, um Wachstumschancen erkennen zu k\u00f6nnen.\t\t\t\t\t\t\t\t<\/div>\n\t\t\t\t<\/div>\n\t\t\t\t<div class=\"elementor-element elementor-element-b1c188e elementor-align-left elementor-widget elementor-widget-button\" data-id=\"b1c188e\" data-element_type=\"widget\" data-e-type=\"widget\" data-widget_type=\"button.default\">\n\t\t\t\t<div class=\"elementor-widget-container\">\n\t\t\t\t\t\t\t\t\t<div class=\"elementor-button-wrapper\">\n\t\t\t\t\t<a class=\"elementor-button elementor-button-link elementor-size-xl\" href=\"https:\/\/tgs-france.com\/de\/blog\/teste-blog-post\/\">\n\t\t\t\t\t\t<span class=\"elementor-button-content-wrapper\">\n\t\t\t\t\t\t\t\t\t<span class=\"elementor-button-text\">READ MORE<\/span>\n\t\t\t\t\t<\/span>\n\t\t\t\t\t<\/a>\n\t\t\t\t<\/div>\n\t\t\t\t\t\t\t\t<\/div>\n\t\t\t\t<\/div>\n\t\t\t\t\t<\/div>\n\t\t<\/div>\n\t\t\t\t\t<\/div>\n\t\t<\/section>\n\t\t\t\t<\/div>\n\t\t\t\t\t\t\t\t\t\t<\/div>\n\t\t\t\t\t\t\t<\/div>\n\t\t<\/article>\n\n\t\t\t\t<\/div>\n\t\t\t\t\n\n\n\t\t\n\t\t\t\t\t<\/div>\n\t\t\n\t\t\t\t\t\t<\/div>\n\t\t\t\t<\/div>\n\t\t\t\t\t<\/div>\n\t\t<\/div>\n\t\t\t\t\t<\/div>\n\t\t<\/section>\n\t\t\t\t<\/div>","protected":false},"excerpt":{"rendered":"<p>News Loading... LESEN SIE MEHR LESEN SIE MEHR LESEN SIE MEHR<\/p>","protected":false},"author":2,"featured_media":0,"parent":0,"menu_order":0,"comment_status":"closed","ping_status":"closed","template":"","meta":{"_acf_changed":false,"footnotes":""},"class_list":["post-12","page","type-page","status-publish","hentry"],"acf":[],"_links":{"self":[{"href":"https:\/\/tgs-france.com\/de\/wp-json\/wp\/v2\/pages\/12","targetHints":{"allow":["GET"]}}],"collection":[{"href":"https:\/\/tgs-france.com\/de\/wp-json\/wp\/v2\/pages"}],"about":[{"href":"https:\/\/tgs-france.com\/de\/wp-json\/wp\/v2\/types\/page"}],"author":[{"embeddable":true,"href":"https:\/\/tgs-france.com\/de\/wp-json\/wp\/v2\/users\/2"}],"replies":[{"embeddable":true,"href":"https:\/\/tgs-france.com\/de\/wp-json\/wp\/v2\/comments?post=12"}],"version-history":[{"count":12,"href":"https:\/\/tgs-france.com\/de\/wp-json\/wp\/v2\/pages\/12\/revisions"}],"predecessor-version":[{"id":2900,"href":"https:\/\/tgs-france.com\/de\/wp-json\/wp\/v2\/pages\/12\/revisions\/2900"}],"wp:attachment":[{"href":"https:\/\/tgs-france.com\/de\/wp-json\/wp\/v2\/media?parent=12"}],"curies":[{"name":"wp","href":"https:\/\/api.w.org\/{rel}","templated":true}]}}