{"id":10,"date":"2021-09-19T06:50:20","date_gmt":"2021-09-19T06:50:20","guid":{"rendered":"https:\/\/audreym15.sg-host.com\/?page_id=10"},"modified":"2022-11-10T17:43:43","modified_gmt":"2022-11-10T17:43:43","slug":"careers","status":"publish","type":"page","link":"https:\/\/tgs-france.com\/de\/careers\/","title":{"rendered":"Karriere"},"content":{"rendered":"<div data-elementor-type=\"wp-page\" data-elementor-id=\"10\" class=\"elementor elementor-10\" data-elementor-post-type=\"page\">\n\t\t\t\t\t\t<section class=\"has_ae_slider elementor-section elementor-top-section elementor-element elementor-element-1a042fc elementor-section-full_width elementor-section-height-default elementor-section-height-default ae-bg-gallery-type-default\" data-id=\"1a042fc\" data-element_type=\"section\" data-e-type=\"section\">\n\t\t\t\t\t\t<div class=\"elementor-container elementor-column-gap-default\">\n\t\t\t\t\t<div class=\"has_ae_slider elementor-column elementor-col-50 elementor-top-column elementor-element elementor-element-3f611371 ae-bg-gallery-type-default\" data-id=\"3f611371\" data-element_type=\"column\" data-e-type=\"column\">\n\t\t\t<div class=\"elementor-widget-wrap elementor-element-populated\">\n\t\t\t\t\t\t<section class=\"has_ae_slider elementor-section elementor-inner-section elementor-element elementor-element-7106217 elementor-section-boxed elementor-section-height-default elementor-section-height-default ae-bg-gallery-type-default\" data-id=\"7106217\" data-element_type=\"section\" data-e-type=\"section\">\n\t\t\t\t\t\t<div class=\"elementor-container elementor-column-gap-default\">\n\t\t\t\t\t<div class=\"has_ae_slider elementor-column elementor-col-100 elementor-inner-column elementor-element elementor-element-6211351 ae-bg-gallery-type-default\" data-id=\"6211351\" data-element_type=\"column\" data-e-type=\"column\">\n\t\t\t<div class=\"elementor-widget-wrap elementor-element-populated\">\n\t\t\t\t\t\t<div class=\"elementor-element elementor-element-3b60a963 elementor-widget elementor-widget-heading\" data-id=\"3b60a963\" data-element_type=\"widget\" data-e-type=\"widget\" data-widget_type=\"heading.default\">\n\t\t\t\t<div class=\"elementor-widget-container\">\n\t\t\t\t\t<h1 class=\"elementor-heading-title elementor-size-default\">Ihre Karriere bei TGS Frankreich<\/h1>\t\t\t\t<\/div>\n\t\t\t\t<\/div>\n\t\t\t\t<div class=\"elementor-element elementor-element-695d469c elementor-widget elementor-widget-text-editor\" data-id=\"695d469c\" data-element_type=\"widget\" data-e-type=\"widget\" data-widget_type=\"text-editor.default\">\n\t\t\t\t<div class=\"elementor-widget-container\">\n\t\t\t\t\t\t\t\t\t<p dir=\"ltr\">M\u00f6chten Sie bei Kunden etwas bewegen? Wollen Sie Ihren eigenen Weg gehen und w\u00fcnschen Sie sich Verantwortung in einem Unternehmen mit internationaler Ausrichtung? Bei TGS kommen Sie immer weiter.<\/p><p dir=\"ltr\">Um erfolgreich zu sein, m\u00fcssen Sie nicht einem bestimmten Karriereweg folgen. Bei TGS k\u00f6nnen Sie vom ersten Tag an als partizipatives Teammitglied erfolgreich sein, egal ob Sie gerade erst anfangen oder schon ein erfahrener Profi sind.<\/p><p dir=\"ltr\">Mit TGS machen Sie den Unterschied zwischen Stillstand und Fortschritt f\u00fcr Ihre Kunden. Wir helfen Ihnen, die Chancen, die Sie sehen, zu nutzen und voranzukommen. Ihr Erfolg wird TGS weiterbringen.<\/p><p dir=\"ltr\">Bei TGS finden Sie das Beste aus beiden Welten. Wir kombinieren die Expertise eines gro\u00dfen, internationalen B\u00fcros mit der Schnelligkeit und Flexibilit\u00e4t einer kleineren, lokalen Organisation.<\/p><p dir=\"ltr\">Kommen Sie zu uns. Sehen Sie sich die offenen Stellen an und bewerben Sie sich noch heute!<\/p>\t\t\t\t\t\t\t\t<\/div>\n\t\t\t\t<\/div>\n\t\t\t\t\t<\/div>\n\t\t<\/div>\n\t\t\t\t\t<\/div>\n\t\t<\/section>\n\t\t\t\t\t<\/div>\n\t\t<\/div>\n\t\t\t\t<div class=\"has_ae_slider elementor-column elementor-col-50 elementor-top-column elementor-element elementor-element-70e2298f elementor-hidden-mobile ae-bg-gallery-type-default\" data-id=\"70e2298f\" data-element_type=\"column\" data-e-type=\"column\">\n\t\t\t<div class=\"elementor-widget-wrap elementor-element-populated\">\n\t\t\t\t\t\t<div class=\"elementor-element elementor-element-33be01e5 elementor-widget elementor-widget-image\" data-id=\"33be01e5\" data-element_type=\"widget\" data-e-type=\"widget\" data-widget_type=\"image.default\">\n\t\t\t\t<div class=\"elementor-widget-container\">\n\t\t\t\t\t\t\t\t\t\t\t\t\t\t\t<img fetchpriority=\"high\" decoding=\"async\" width=\"606\" height=\"670\" src=\"https:\/\/tgs-france.com\/wp-content\/uploads\/2021\/09\/banner-shapes-image.jpg\" class=\"attachment-full size-full wp-image-183\" alt=\"\" srcset=\"https:\/\/tgs-france.com\/wp-content\/uploads\/2021\/09\/banner-shapes-image.jpg 606w, https:\/\/tgs-france.com\/wp-content\/uploads\/2021\/09\/banner-shapes-image-271x300.jpg 271w\" sizes=\"(max-width: 606px) 100vw, 606px\" \/>\t\t\t\t\t\t\t\t\t\t\t\t\t\t\t<\/div>\n\t\t\t\t<\/div>\n\t\t\t\t\t<\/div>\n\t\t<\/div>\n\t\t\t\t\t<\/div>\n\t\t<\/section>\n\t\t\t\t<section class=\"has_ae_slider elementor-section elementor-top-section elementor-element elementor-element-2ff00bb elementor-section-boxed elementor-section-height-default elementor-section-height-default ae-bg-gallery-type-default\" data-id=\"2ff00bb\" data-element_type=\"section\" data-e-type=\"section\">\n\t\t\t\t\t\t<div class=\"elementor-container elementor-column-gap-default\">\n\t\t\t\t\t<div class=\"has_ae_slider elementor-column elementor-col-100 elementor-top-column elementor-element elementor-element-7299d90 ae-bg-gallery-type-default\" data-id=\"7299d90\" data-element_type=\"column\" data-e-type=\"column\">\n\t\t\t<div class=\"elementor-widget-wrap elementor-element-populated\">\n\t\t\t\t\t\t<div class=\"elementor-element elementor-element-f35a996 ae-post-layout-grid elementor-widget elementor-widget-ae-post-blocks\" data-id=\"f35a996\" data-element_type=\"widget\" data-e-type=\"widget\" data-settings=\"{&quot;columns&quot;:3,&quot;columns_tablet&quot;:&quot;2&quot;,&quot;columns_mobile&quot;:&quot;1&quot;}\" data-widget_type=\"ae-post-blocks.default\">\n\t\t\t\t<div class=\"elementor-widget-container\">\n\t\t\t\t\t\t\t\t\t\t<div class=\"ae-post-overlay\">\n\t\t\t\t<div class=\"ae-post-overlay-wrapper\">\n\t\t\t\t\t<div class=\"ae-post-overlay-icon\">\n\t\t\t\t\t\t<i aria-hidden=\"true\" class=\"fa fa-sync\"><\/i>\t\t\t\t\t<\/div>\n\t\t\t\t\t<div class=\"ae-post-overlay-text\">\n\t\t\t\t\t\tLaden...\t\t\t\t\t<\/div>\n\t\t\t\t<\/div>\n\t\t\t<\/div>\n\t\t\n\t\t\t\t\t\t\t\t<div data-pid=\"10\" data-wid=\"f35a996\" data-source=\"career\" class=\"ae-post-widget-wrapper ae-masonry- ae-hpos- ae-vpos-\">\n\t\t\n\t\t\t\t<div class=\"ae-post-list-wrapper\">\n\t\t\t\t\t\t\t<div class=\"ae-no-posts\">\n\t\t\t\t\t\t\t\t\t<\/div>\n\t\t\t\t\t\t<\/div>\n\t\t\t\t\n\n\n\t\t\n\t\t\t\t\t<\/div>\n\t\t\n\t\t\t\t\t\t<\/div>\n\t\t\t\t<\/div>\n\t\t\t\t\t<\/div>\n\t\t<\/div>\n\t\t\t\t\t<\/div>\n\t\t<\/section>\n\t\t\t\t<section class=\"has_ae_slider elementor-section elementor-top-section elementor-element elementor-element-6a85f49e elementor-section-height-min-height elementor-section-boxed elementor-section-height-default elementor-section-items-middle ae-bg-gallery-type-default\" data-id=\"6a85f49e\" data-element_type=\"section\" data-e-type=\"section\" data-settings=\"{&quot;background_background&quot;:&quot;classic&quot;}\">\n\t\t\t\t\t\t<div class=\"elementor-container elementor-column-gap-default\">\n\t\t\t\t\t<div class=\"has_ae_slider elementor-column elementor-col-100 elementor-top-column elementor-element elementor-element-386c0070 ae-bg-gallery-type-default\" data-id=\"386c0070\" data-element_type=\"column\" data-e-type=\"column\">\n\t\t\t<div class=\"elementor-widget-wrap elementor-element-populated\">\n\t\t\t\t\t\t<section class=\"has_ae_slider elementor-section elementor-inner-section elementor-element elementor-element-9da94a9 elementor-section-boxed elementor-section-height-default elementor-section-height-default ae-bg-gallery-type-default\" data-id=\"9da94a9\" data-element_type=\"section\" data-e-type=\"section\">\n\t\t\t\t\t\t<div class=\"elementor-container elementor-column-gap-default\">\n\t\t\t\t\t<div class=\"has_ae_slider elementor-column elementor-col-50 elementor-inner-column elementor-element elementor-element-f0d146f ae-bg-gallery-type-default\" data-id=\"f0d146f\" data-element_type=\"column\" data-e-type=\"column\">\n\t\t\t<div class=\"elementor-widget-wrap elementor-element-populated\">\n\t\t\t\t\t\t<div class=\"elementor-element elementor-element-35e097b1 elementor-widget elementor-widget-heading\" data-id=\"35e097b1\" data-element_type=\"widget\" data-e-type=\"widget\" data-widget_type=\"heading.default\">\n\t\t\t\t<div class=\"elementor-widget-container\">\n\t\t\t\t\t<h2 class=\"elementor-heading-title elementor-size-default\">M\u00f6chten Sie eine Initiativbewerbung schicken?<\/h2>\t\t\t\t<\/div>\n\t\t\t\t<\/div>\n\t\t\t\t\t<\/div>\n\t\t<\/div>\n\t\t\t\t<div class=\"has_ae_slider elementor-column elementor-col-50 elementor-inner-column elementor-element elementor-element-6375ac9 ae-bg-gallery-type-default\" data-id=\"6375ac9\" data-element_type=\"column\" data-e-type=\"column\">\n\t\t\t<div class=\"elementor-widget-wrap elementor-element-populated\">\n\t\t\t\t\t\t<div class=\"elementor-element elementor-element-370ac245 elementor-align-right elementor-mobile-align-center elementor-widget elementor-widget-button\" data-id=\"370ac245\" data-element_type=\"widget\" data-e-type=\"widget\" data-widget_type=\"button.default\">\n\t\t\t\t<div class=\"elementor-widget-container\">\n\t\t\t\t\t\t\t\t\t<div class=\"elementor-button-wrapper\">\n\t\t\t\t\t<a class=\"elementor-button elementor-button-link elementor-size-sm\" href=\"https:\/\/tgs-france.com\/de\/contact\/\">\n\t\t\t\t\t\t<span class=\"elementor-button-content-wrapper\">\n\t\t\t\t\t\t\t\t\t<span class=\"elementor-button-text\">KONTAKT US<\/span>\n\t\t\t\t\t<\/span>\n\t\t\t\t\t<\/a>\n\t\t\t\t<\/div>\n\t\t\t\t\t\t\t\t<\/div>\n\t\t\t\t<\/div>\n\t\t\t\t\t<\/div>\n\t\t<\/div>\n\t\t\t\t\t<\/div>\n\t\t<\/section>\n\t\t\t\t\t<\/div>\n\t\t<\/div>\n\t\t\t\t\t<\/div>\n\t\t<\/section>\n\t\t\t\t<\/div>","protected":false},"excerpt":{"rendered":"<p>Your career at TGS France Do you want to make a difference with customers? Do you want to chart your own path and do you want responsibilities in a firm with an international dimension? With TGS you will always be making progress. You don&#8217;t have to follow a defined career path to succeed. With TGS, [&hellip;]<\/p>\n","protected":false},"author":2,"featured_media":0,"parent":0,"menu_order":0,"comment_status":"closed","ping_status":"closed","template":"","meta":{"_acf_changed":false,"footnotes":""},"class_list":["post-10","page","type-page","status-publish","hentry"],"acf":[],"_links":{"self":[{"href":"https:\/\/tgs-france.com\/de\/wp-json\/wp\/v2\/pages\/10","targetHints":{"allow":["GET"]}}],"collection":[{"href":"https:\/\/tgs-france.com\/de\/wp-json\/wp\/v2\/pages"}],"about":[{"href":"https:\/\/tgs-france.com\/de\/wp-json\/wp\/v2\/types\/page"}],"author":[{"embeddable":true,"href":"https:\/\/tgs-france.com\/de\/wp-json\/wp\/v2\/users\/2"}],"replies":[{"embeddable":true,"href":"https:\/\/tgs-france.com\/de\/wp-json\/wp\/v2\/comments?post=10"}],"version-history":[{"count":53,"href":"https:\/\/tgs-france.com\/de\/wp-json\/wp\/v2\/pages\/10\/revisions"}],"predecessor-version":[{"id":2924,"href":"https:\/\/tgs-france.com\/de\/wp-json\/wp\/v2\/pages\/10\/revisions\/2924"}],"wp:attachment":[{"href":"https:\/\/tgs-france.com\/de\/wp-json\/wp\/v2\/media?parent=10"}],"curies":[{"name":"wp","href":"https:\/\/api.w.org\/{rel}","templated":true}]}}